{"id":819,"date":"2020-03-15T22:50:52","date_gmt":"2020-03-15T22:50:52","guid":{"rendered":"https:\/\/aprende.tergar.org\/es\/?page_id=819"},"modified":"2023-03-15T00:08:19","modified_gmt":"2023-03-15T00:08:19","slug":"encuentra-un-grupo-de-meditacion-cerca-de-ti","status":"publish","type":"page","link":"https:\/\/aprende.tergar.org\/es\/comunidad\/encuentra-un-grupo-de-meditacion-cerca-de-ti\/","title":{"rendered":"Encuentra un grupo de meditaci\u00f3n cerca de ti"},"content":{"rendered":"<p>[vc_row u_row_style=\u00bb1&#8243; lms_row_has_bk_offset=\u00bb1&#8243; lms_row_bk_columns_offset=\u00bb0&#8243; u_row_enrollment_restriction=\u00bb0&#8243; lms_row_bk_offset_margin_bottom=\u00bb3%\u00bb][vc_column][vc_column_text]<\/p>\n<h2 style=\"text-align: center;\">Encuentra tu comunidad de meditaci\u00f3n o grupo de pr\u00e1ctica de Tergar<\/h2>\n<p>[\/vc_column_text][\/vc_column][\/vc_row][vc_row u_row_style=\u00bb1&#8243; lms_row_has_bk_offset=\u00bb1&#8243; lms_row_bk_columns_offset=\u00bb0&#8243; u_row_enrollment_restriction=\u00bb0&#8243; lms_row_bk_offset_margin_bottom=\u00bb4%\u00bb][vc_column width=\u00bb5\/6&#8243; lms_has_clearfix=\u00bb0&#8243; offset=\u00bbvc_col-sm-offset-1&#8243;][vc_column_text]Tergar tiene varios grupos de pr\u00e1ctica y comunidades de meditaci\u00f3n en todo el mundo. A continuaci\u00f3n podr\u00e1s ver una lista (con mapas) donde encontrar\u00e1s la que te quede m\u00e1s cerca. Si no hay ning\u00fan grupo cerca tuyo y quieres contactar con m\u00e1s personas que est\u00e9n por tu zona, estaremos encantados de ponerlos en contacto por correo, por favor escr\u00edbenos solicit\u00e1ndolo.[\/vc_column_text][\/vc_column][\/vc_row][vc_row u_row_style=\u00bb1&#8243; lms_row_has_bk_offset=\u00bb1&#8243; lms_row_bk_columns_offset=\u00bb0&#8243; u_row_enrollment_restriction=\u00bb0&#8243; lms_row_bk_offset_margin_bottom=\u00bb4%\u00bb][vc_column]<div id=\"map\" style=\"height:60vh;\"><\/div><script type=\"text\/javascript\">var enabledRegions = ['CA', 'US', 'MX', 'AR', 'BR', 'BE', 'CZ', 'DK', 'FR', 'DE', 'NO', 'NL', 'PT', 'ES', 'SE', 'CH', 'HU', 'SI', 'GB', 'IL', 'RU', 'UA', 'JP', 'CN', 'ID', 'KR', 'MY', 'TW', 'IN', 'NP']; var jsonMap = {\n'CA': '1555446590297-8b5d94bf-5408', \/\/ CANADA\n'US': '1555446590297-8b5d94bf-5408', \/\/ EUA\n'MX': '1555446590297-8b5d94bf-5408', \/\/ MEXICO\n'BR': '1555446831781-89fbf2b1-bbbb', \/\/ BRAZIL\n'AR': '1555446831781-89fbf2b1-bbbb', \/\/ ARGENTINA\n'BE': '1555446590319-a672caa0-44d1', \/\/ BELGICA\n'CZ': '1555446590319-a672caa0-44d1', \/\/ REPUBLICA CHECA\n'DK': '1555446590319-a672caa0-44d1', \/\/ DENMARK\n'FR': '1555446590319-a672caa0-44d1', \/\/ FRANCE\n'DE': '1555446590319-a672caa0-44d1', \/\/ GERMANY\n'NO': '1555446590319-a672caa0-44d1', \/\/\n'NL': '1555446590319-a672caa0-44d1', \/\/\n'PT': '1555446590319-a672caa0-44d1', \/\/ PORTUGAL\n'ES': '1555446590319-a672caa0-44d1', \/\/ SPAIN\n'SE': '1555446590319-a672caa0-44d1',\n'CH': '1555446590319-a672caa0-44d1', \/\/ SWITZERLAND\n'SI': '1555446590319-a672caa0-44d1', \/\/ SLOVENIA\n'HU': '1555446590319-a672caa0-44d1', \/\/ HUNGARY\n'GB': '1555446590319-a672caa0-44d1', \/\/ GREAT BRITAIN\n'IL': '1555446835195-a38e6066-b7c4', \/\/ ISRAEL\n'RU': '1555446836255-155b130b-b52a', \/\/ RUSSIA\n'UA': '1555446836255-155b130b-b52a', \/\/ UKRAINE\n'JP': '1555446835741-4a73bb9d-1aef', \/\/ JAPAN\n'CN': '1555446835741-4a73bb9d-1aef', \/\/ HONG KONG\n'ID': '1555446835741-4a73bb9d-1aef', \/\/ INDONESIA\n'KR': '1555446835741-4a73bb9d-1aef', \/\/ KOREA\n'MY': '1555446835741-4a73bb9d-1aef', \/\/ MALAYSIA\n'TW': '1555446835741-4a73bb9d-1aef', \/\/ TAIWAN\n'IN': '1555446835741-4a73bb9d-1aef', \/\/ INDIA\n'NP': '1555446835741-4a73bb9d-1aef' \/\/ NEPAL\n}; <\/script>[\/vc_column][\/vc_row][vc_row u_row_style=\u00bb1&#8243; lms_row_has_bk_offset=\u00bb1&#8243; lms_row_bk_columns_offset=\u00bb0&#8243; u_row_enrollment_restriction=\u00bb0&#8243; lms_row_bk_offset_margin_bottom=\u00bb4%\u00bb][vc_column][vc_tta_tabs active_section=\u00bb1&#8243; no_fill_content_area=\u00bbtrue\u00bb][vc_tta_section title=\u00bbNorth American\u00bb tab_id=\u00bb1555446590297-8b5d94bf-5408&#8243;][vc_row_inner][vc_column_inner][vc_column_text]<\/p>\n<h3 style=\"text-align: center;\">U.S.A.<\/h3>\n<p>[\/vc_column_text][\/vc_column_inner][vc_column_inner width=\u00bb1\/3&#8243;][vc_column_text]<strong>Arizona<\/strong><\/p>\n<p><a href=\"https:\/\/tergar.org\/communities-and-practice-groups\/find-a-center-or-group\/tergar-mingjue-phoenix\/\">Tergar Mingjue Phoenix<br \/>\n\u51e4\u51f0\u57ce\u5fb7\u5676\u660e\u89c9\u7985\u4fee\u4e2d\u5fc3<\/a><\/p>\n<p><a href=\"https:\/\/tergar.org\/communities-and-practice-groups\/find-a-center-or-group\/phoenix\/\">Phoenix Tergar Community<\/a><\/p>\n<p><a title=\"Sonoita Practice Group\" href=\"https:\/\/tergar.org\/communities-and-practice-groups\/find-a-center-or-group\/sonoita-practice-group\/\">Sonoita Practice Group<\/a><\/p>\n<p><a href=\"https:\/\/tergar.org\/communities-and-practice-groups\/find-a-center-or-group\/tucson-practice-group\/\">Tucson Practice Group<\/a><\/p>\n<p><strong>California<\/strong><\/p>\n<p><a href=\"https:\/\/tergar.org\/communities-and-practice-groups\/find-a-center-or-group\/san-francisco-bay-area\/\">San Francisco Bay Area Tergar Community<\/a><\/p>\n<p><strong>District of Columbia<\/strong><\/p>\n<p><a href=\"https:\/\/tergar.org\/communities-and-practice-groups\/find-a-center-or-group\/district-columbia-practice-group\/\">District of Columbia Practice Group<\/a><\/p>\n<p><strong>Florida<\/strong><\/p>\n<p><a href=\"https:\/\/tergar.org\/communities-and-practice-groups\/find-a-center-or-group\/st-augustine\/\">St. Augustine Tergar Community<\/a><\/p>\n<p><a href=\"https:\/\/tergar.org\/communities-and-practice-groups\/find-a-center-or-group\/stuart-florida\/\">Stuart Tergar Community<\/a><\/p>\n<p><a href=\"https:\/\/tergar.org\/communities-and-practice-groups\/find-a-center-or-group\/venice-practice-group\/\">Venice Practice Group<\/a><\/p>\n<p><strong>Illinois<\/strong><\/p>\n<p><a href=\"https:\/\/tergar.org\/communities-and-practice-groups\/find-a-center-or-group\/chicago-illinois\/\">Chicago Tergar Community<\/a>[\/vc_column_text][\/vc_column_inner][vc_column_inner width=\u00bb1\/3&#8243;][vc_column_text]<strong>Massachusetts<\/strong><\/p>\n<p><a href=\"https:\/\/tergar.org\/communities-and-practice-groups\/find-a-center-or-group\/boston-practice-group\/\">Boston Practice Group<\/a><\/p>\n<p><a href=\"https:\/\/tergar.org\/communities-and-practice-groups\/find-a-center-or-group\/groton-practice-group\/\">Groton Practice Group<\/a><\/p>\n<p><strong>Minnesota<\/strong><\/p>\n<p><a href=\"https:\/\/tergar.org\/communities-and-practice-groups\/find-a-center-or-group\/minneapolis-st-paul\/\">Minneapolis Tergar Community<\/a><\/p>\n<p><strong>New Jersey<\/strong><\/p>\n<p><a href=\"https:\/\/tergar.org\/communities-and-practice-groups\/find-a-center-or-group\/tergar-south-jersey-practice-group\/\">Tergar South Jersey Practice Group<\/a><\/p>\n<p><strong>New York<\/strong><\/p>\n<p><a href=\"https:\/\/tergar.org\/communities-and-practice-groups\/find-a-center-or-group\/elmira-new-york-practice-group\/\">Elmira New York Practice Group<\/a><\/p>\n<p><a href=\"https:\/\/tergar.org\/communities-and-practice-groups\/find-a-center-or-group\/hudson-valley-ny\/\">Hudson Valley Tergar Community<\/a><\/p>\n<p><a href=\"https:\/\/tergar.org\/communities-and-practice-groups\/find-a-center-or-group\/new-york-city\/\">New York City Tergar Community<\/a><\/p>\n<p><strong>Oregon<\/strong><\/p>\n<p><a href=\"https:\/\/tergar.org\/communities-and-practice-groups\/find-a-center-or-group\/eugene\/\">Eugene Tergar Community<\/a><\/p>\n<p><a title=\"Medford Tergar Community\" href=\"https:\/\/tergar.org\/communities-and-practice-groups\/find-a-center-or-group\/medford\/\">Medford Tergar Community<\/a><\/p>\n<p><a href=\"https:\/\/tergar.org\/communities-and-practice-groups\/find-a-center-or-group\/portland\/\">Portland Tergar Community<\/a>[\/vc_column_text][\/vc_column_inner][vc_column_inner width=\u00bb1\/3&#8243;][vc_column_text]<strong>Pennsylvania<\/strong><\/p>\n<p><a href=\"https:\/\/tergar.org\/communities-and-practice-groups\/find-a-center-or-group\/tergar-philadelphia\/\">Tergar Philadelphia<\/a><\/p>\n<p><strong>Tennessee<\/strong><\/p>\n<p><a href=\"https:\/\/tergar.org\/communities-and-practice-groups\/find-a-center-or-group\/knoxville-practice-group\/\">Knoxville Practice Group<\/a><\/p>\n<p><strong>Texas<\/strong><\/p>\n<p><a href=\"https:\/\/tergar.org\/communities-and-practice-groups\/find-a-center-or-group\/houston-practice-group\/\">Houston Practice Group<\/a><\/p>\n<p><strong>West Virginia<\/strong><\/p>\n<p><a href=\"https:\/\/tergar.org\/communities-and-practice-groups\/find-a-center-or-group\/elkins-west-virginia-practice-group\/\">Elkins West Virginia Practice Group<\/a><\/p>\n<p><strong>Wisconsin<\/strong><\/p>\n<p><a href=\"https:\/\/tergar.org\/communities-and-practice-groups\/find-a-center-or-group\/madison\/\">Madison Tergar Community<\/a><\/p>\n<p><a href=\"https:\/\/tergar.org\/communities-and-practice-groups\/find-a-center-or-group\/oregon-wisconsin-practice-group\/\">Oregon Practice Group<\/a><\/p>\n<p><a href=\"https:\/\/tergar.org\/communities-and-practice-groups\/find-a-center-or-group\/washburn-practice-group\/\">Washburn Practice Group<\/a>[\/vc_column_text][\/vc_column_inner][\/vc_row_inner][vc_separator css=\u00bb.vc_custom_1555447864954{margin-top: 15px !important;margin-bottom: 15px !important;}\u00bb][vc_row_inner][vc_column_inner][vc_column_text]<\/p>\n<h3 style=\"text-align: center;\">CANADA<\/h3>\n<p>[\/vc_column_text][\/vc_column_inner][vc_column_inner][vc_column_text]<a href=\"https:\/\/tergar.org\/communities-and-practice-groups\/find-a-center-or-group\/banff-practice-group\/\">Banff Practice Group<\/a><\/p>\n<p><a title=\"Calgary Practice Group\" href=\"https:\/\/tergar.org\/communities-and-practice-groups\/find-a-center-or-group\/calgary-practice-group\/\">Calgary Practice Group<\/a><\/p>\n<p><a title=\"Mississauga Practice Group\" href=\"https:\/\/tergar.org\/communities-and-practice-groups\/find-a-center-or-group\/mississauga-practice-group\/\">Mississauga Practice Group<\/a><\/p>\n<p><a href=\"https:\/\/tergar.org\/communities-and-practice-groups\/find-a-center-or-group\/montreal\/\">Montr\u00e9al Tergar Community<\/a><\/p>\n<p><a href=\"https:\/\/tergar.org\/communities-and-practice-groups\/find-a-center-or-group\/toronto-practice-group\/\">Toronto Practice Group<\/a><\/p>\n<p><a href=\"https:\/\/tergar.org\/communities-and-practice-groups\/find-a-center-or-group\/toronto-practice-group\">Toronto East Practice Group<\/a><\/p>\n<p><a href=\"https:\/\/tergar.org\/communities-and-practice-groups\/find-a-center-or-group\/mississauga-practice-group\/\">Toronto North \/ Mississauga Practice Group<\/a><\/p>\n<p><a href=\"https:\/\/tergar.org\/communities-and-practice-groups\/find-a-center-or-group\/vancouver-practice-group\/\">Vancouver Practice Group<\/a><\/p>\n<p><a href=\"https:\/\/tergar.org\/communities-and-practice-groups\/find-a-center-or-group\/victoria-practice-group\/\">Victoria Practice Group<\/a>[\/vc_column_text][\/vc_column_inner][\/vc_row_inner][vc_separator css=\u00bb.vc_custom_1555447871896{margin-top: 15px !important;margin-bottom: 15px !important;}\u00bb][vc_row_inner][vc_column_inner][vc_column_text]<\/p>\n<h3 style=\"text-align: center;\">MEXICO<\/h3>\n<p>[\/vc_column_text][\/vc_column_inner][vc_column_inner][vc_column_text]<a href=\"https:\/\/espanol.tergar.org\/comunidades-y-grupos-de-practica\/ciudad-de-mexico\/\">Grupo de Pr\u00e1ctica CDMX<\/a><\/p>\n<p><a href=\"https:\/\/tergar.org\/communities-and-practice-groups\/find-a-center-or-group\/puebla\/\">Puebla Tergar Community<\/a>[\/vc_column_text][\/vc_column_inner][\/vc_row_inner][\/vc_tta_section][vc_tta_section title=\u00bbEurope\u00bb tab_id=\u00bb1555446590319-a672caa0-44d1&#8243;][vc_row_inner][vc_column_inner width=\u00bb1\/4&#8243;][vc_column_text]<strong>BELGIUM<\/strong><\/p>\n<p><a href=\"https:\/\/tergar.org\/communities-and-practice-groups\/find-a-center-or-group\/brussels-practice-group\/\">Brussels Practice Group<\/a><\/p>\n<p><strong>CZECH REPUBLIC<\/strong><\/p>\n<p><a href=\"https:\/\/tergar.org\/communities-and-practice-groups\/find-a-center-or-group\/prague-practice-group\/\">Prague Practice Group<\/a><\/p>\n<p><strong>DENMARK<\/strong><\/p>\n<p><a href=\"https:\/\/tergar.org\/communities-and-practice-groups\/find-a-center-or-group\/copenhagen\/\">Copenhagen Tergar Community<\/a><\/p>\n<p><a href=\"https:\/\/tergar.org\/communities-and-practice-groups\/find-a-center-or-group\/humlebaek-practice-group\/\">Humlebaek Practice Group<\/a><\/p>\n<p><a href=\"https:\/\/tergar.org\/communities-and-practice-groups\/find-a-center-or-group\/mon-practice-group\/\">M\u00f8n Practice Group<\/a><\/p>\n<p><strong>FRANCE<\/strong><\/p>\n<p><a href=\"https:\/\/tergar.org\/communities-and-practice-groups\/find-a-center-or-group\/besancon-practice-group\/\">Besan\u00e7on Practice Group<\/a><\/p>\n<p><a href=\"https:\/\/tergar.org\/communities-and-practice-groups\/find-a-center-or-group\/crest-practice-group\/\">Crest Practice Group<\/a><\/p>\n<p><a href=\"https:\/\/tergar.org\/communities-and-practice-groups\/find-a-center-or-group\/lyon-practice-group\/\">Lyon Practice Group<\/a><\/p>\n<p><a href=\"https:\/\/tergar.org\/communities-and-practice-groups\/find-a-center-or-group\/paris\/\">Paris Tergar Community<\/a><\/p>\n<p><a href=\"https:\/\/tergar.org\/communities-and-practice-groups\/find-a-center-or-group\/rennes-practice-group\/\">Rennes Practice Group<\/a><\/p>\n<p><a href=\"https:\/\/tergar.org\/communities-and-practice-groups\/find-a-center-or-group\/vannes-practice-group\/\">Vannes Practice Group<\/a>[\/vc_column_text][\/vc_column_inner][vc_column_inner width=\u00bb1\/4&#8243;][vc_column_text]<strong>GERMANY<\/strong><\/p>\n<p><a href=\"https:\/\/tergar.org\/communities-and-practice-groups\/find-a-center-or-group\/bad-kreuznach-practice-group\/\">Bad Kreuznach Practice Group<\/a><\/p>\n<p><a href=\"https:\/\/tergar.org\/communities-and-practice-groups\/find-a-center-or-group\/berlin-practice-group\/\">Berlin Practice Group<\/a><\/p>\n<p><a href=\"https:\/\/tergar.org\/communities-and-practice-groups\/find-a-center-or-group\/braunschweig-practice-group\/\">Braunschweig Practice Group<\/a><\/p>\n<p><a href=\"https:\/\/tergar.org\/communities-and-practice-groups\/find-a-center-or-group\/erlangen-practice-group\/\">Erlangen Practice Group<\/a><\/p>\n<p><a href=\"https:\/\/tergar.org\/communities-and-practice-groups\/find-a-center-or-group\/hamburg-practice-group\/\">Hamburg Practice Group<\/a><\/p>\n<p><a title=\"Hersbruck Practice Group\" href=\"https:\/\/tergar.org\/communities-and-practice-groups\/find-a-center-or-group\/hersbruck-practice-group\/\">Hersbruck Practice Group<\/a><\/p>\n<p><a href=\"https:\/\/tergar.org\/communities-and-practice-groups\/find-a-center-or-group\/karlsruhe-practice-group\/\">Karlsruhe Practice Group<\/a><\/p>\n<p><a href=\"https:\/\/tergar.org\/communities-and-practice-groups\/find-a-center-or-group\/lubeck-practice-group\/\">L\u00fcbeck Practice Group<\/a><\/p>\n<p><a title=\"Praxisgruppe M\u00fcnchen\" href=\"https:\/\/tergar.org\/communities-and-practice-groups\/find-a-center-or-group\/munich-practice-group\/\">Munich Practice Group<\/a><\/p>\n<p><a href=\"https:\/\/tergar.org\/communities-and-practice-groups\/find-a-center-or-group\/munster-practice-group\/\">M\u00fcnster Practice Group<\/a><\/p>\n<p><a href=\"https:\/\/tergar.org\/communities-and-practice-groups\/find-a-center-or-group\/nurnberg-practice-group\/\">N\u00fcrnberg Practice Group<\/a><\/p>\n<p><a href=\"https:\/\/tergar.org\/communities-and-practice-groups\/find-a-center-or-group\/salem-tufingen-practice-group\/\">Salem-T\u00fcfingen Practice Group<\/a><\/p>\n<p><a href=\"https:\/\/tergar.org\/communities-and-practice-groups\/find-a-center-or-group\/weissenohe-practice-group\/\">Wei\u00dfenohe Practice Group<\/a>[\/vc_column_text][\/vc_column_inner][vc_column_inner width=\u00bb1\/4&#8243;][vc_column_text]<strong>HUNGARY<\/strong><\/p>\n<p><a href=\"https:\/\/tergar.org\/communities-and-practice-groups\/find-a-center-or-group\/budapest-practice-group\/\">Budapest Practice Group<\/a><\/p>\n<p><strong>NETHERLANDS<\/strong><\/p>\n<p><a href=\"https:\/\/tergar.org\/communities-and-practice-groups\/find-a-center-or-group\/amsterdam-practice-group\/\">Amsterdam Practice Group<\/a><\/p>\n<p><a href=\"https:\/\/tergar.org\/communities-and-practice-groups\/find-a-center-or-group\/den-haag-practice-group\/\">Den Haag Practice Group<\/a><\/p>\n<p><strong>NORWAY<\/strong><\/p>\n<p><a href=\"https:\/\/tergar.org\/communities-and-practice-groups\/find-a-center-or-group\/oslo-practice-group\/\">Oslo Practice Group<\/a><\/p>\n<p><strong>PORTUGAL<\/strong><\/p>\n<p><a href=\"https:\/\/tergar.org\/communities-and-practice-groups\/find-a-center-or-group\/leiria-practice-group\/\">Leiria Practice Group<\/a><\/p>\n<p><a href=\"https:\/\/tergar.org\/communities-and-practice-groups\/find-a-center-or-group\/lisbon-practice-group\/\">Lisbon Practice Group<\/a><\/p>\n<p><strong>SPAIN<\/strong><\/p>\n<p><a href=\"https:\/\/tergar.org\/communities-and-practice-groups\/find-a-center-or-group\/barcelona-practice-group\/\">Barcelona Practice Group<\/a><\/p>\n<p><a href=\"https:\/\/tergar.org\/communities-and-practice-groups\/find-a-center-or-group\/madrid-practice-group\/\">Madrid Practice Group<\/a><\/p>\n<p><a href=\"https:\/\/tergar.org\/communities-and-practice-groups\/find-a-center-or-group\/olot-girona-practice-group\/\">Olot-Girona Practice Group<\/a><\/p>\n<p><a href=\"https:\/\/tergar.org\/communities-and-practice-groups\/find-a-center-or-group\/palencia-practice-group\/\">Palencia Practice Group<\/a><\/p>\n<p><a href=\"https:\/\/tergar.org\/communities-and-practice-groups\/find-a-center-or-group\/valles-barcelona-practice-group\/\">Vall\u00e9s-Barcelona Practice Group<\/a><\/p>\n<p><a href=\"https:\/\/tergar.org\/communities-and-practice-groups\/find-a-center-or-group\/vilanova-barcelona-practice-group\">Vilanove i La Geltr\u00fa Practice Group<\/a><\/p>\n<p><strong>SLOVENIA<\/strong><\/p>\n<p><a href=\"https:\/\/tergar.org\/communities-and-practice-groups\/find-a-center-or-group\/ljubljana-practice-group\/\">Ljubljana Practice Group<\/a>[\/vc_column_text][\/vc_column_inner][vc_column_inner width=\u00bb1\/4&#8243;][vc_column_text]<strong>SWEDEN<\/strong><\/p>\n<p><a href=\"https:\/\/tergar.org\/communities-and-practice-groups\/find-a-center-or-group\/malmo-practice-group\/\">Malm\u00f6 Practice Group<\/a><\/p>\n<p><strong>SWITZERLAND<\/strong><\/p>\n<p><a href=\"https:\/\/tergar.org\/communities-and-practice-groups\/find-a-center-or-group\/geneve-practice-group\/\">Gen\u00e8ve Practice Group<\/a><\/p>\n<p><a href=\"https:\/\/tergar.org\/communities-and-practice-groups\/find-a-center-or-group\/zurich-practice-group\/\">Z\u00fcrich Practice Group<\/a><\/p>\n<p><strong>UNITED KINGDOM<\/strong><\/p>\n<p><a href=\"https:\/\/tergar.org\/communities-and-practice-groups\/find-a-center-or-group\/brighton-hove-practice-group\/\">Brighton and Hove Practice Group<\/a><\/p>\n<p><a href=\"https:\/\/tergar.org\/communities-and-practice-groups\/find-a-center-or-group\/edinburgh-practice-group\/\">Edinburgh Practice Group<\/a><\/p>\n<p><a href=\"https:\/\/tergar.org\/communities-and-practice-groups\/find-a-center-or-group\/hassocks-practice-group\/\">Hassocks Practice Group<\/a><\/p>\n<p><a href=\"https:\/\/tergar.org\/communities-and-practice-groups\/find-a-center-or-group\/kendal-practice-group\/\">Kendal Practice Group<\/a><\/p>\n<p><a href=\"https:\/\/tergar.org\/communities-and-practice-groups\/find-a-center-or-group\/lizard-practice-group\/\">Lizard Practice Group<\/a><\/p>\n<p><a href=\"https:\/\/tergar.org\/communities-and-practice-groups\/find-a-center-or-group\/stroud-practice-group\/\">Stroud Practice Group<\/a>[\/vc_column_text][\/vc_column_inner][\/vc_row_inner][\/vc_tta_section][vc_tta_section title=\u00bbSouth America\u00bb tab_id=\u00bb1555446831781-89fbf2b1-bbbb\u00bb][vc_column_text]<\/p>\n<h3 style=\"text-align: center;\">ARGENTINA<\/h3>\n<p>[\/vc_column_text][vc_column_text]<a href=\"https:\/\/tergar.org\/communities-and-practice-groups\/find-a-center-or-group\/buenos-aires-practice-group\">Buenos Aires<\/a>[\/vc_column_text][vc_column_text]<\/p>\n<h3 style=\"text-align: center;\">BRAZIL<\/h3>\n<p>[\/vc_column_text][vc_column_text]<a href=\"https:\/\/tergar.org\/communities-and-practice-groups\/find-a-center-or-group\/bahia-practice-group\/\">Bahia Practice Group<\/a><\/p>\n<p><a href=\"https:\/\/tergar.org\/communities-and-practice-groups\/find-a-center-or-group\/londrina-practice-group\/\">Londrina Practice Group<\/a><\/p>\n<p><a href=\"https:\/\/tergar.org\/communities-and-practice-groups\/find-a-center-or-group\/paraiba-practice-group\/\">Paraiba Practice Group<\/a><\/p>\n<p><a href=\"https:\/\/tergar.org\/communities-and-practice-groups\/find-a-center-or-group\/rio-de-janeiro\/\">Rio de Janeiro Tergar Community<\/a><\/p>\n<p><a href=\"https:\/\/tergar.org\/communities-and-practice-groups\/find-a-center-or-group\/sao-paulo\/\">S\u00e3o Paulo Tergar Community<\/a>[\/vc_column_text][\/vc_tta_section][vc_tta_section title=\u00bbMiddle East\u00bb tab_id=\u00bb1555446835195-a38e6066-b7c4&#8243;][vc_column_text]<strong>ISRAEL<\/strong><\/p>\n<p><a href=\"https:\/\/tergar.org\/communities-and-practice-groups\/find-a-center-or-group\/tel-aviv-practice-group\/\">Tel Aviv Practice Group<\/a>[\/vc_column_text][\/vc_tta_section][vc_tta_section title=\u00bbAsia\u00bb tab_id=\u00bb1555446835741-4a73bb9d-1aef\u00bb][vc_row_inner][vc_column_inner width=\u00bb1\/4&#8243;][vc_column_text]<strong>HONG KONG, INDONESIA, KOREA, MALAYSIA, SINGAPORE, TAIWAN<\/strong><\/p>\n<p><a href=\"http:\/\/tergarasia.org\" target=\"_blank\" rel=\"noopener noreferrer\">Tergar Asia<\/a>[\/vc_column_text][\/vc_column_inner][vc_column_inner width=\u00bb1\/4&#8243;][vc_column_text]<strong>INDIA<\/strong><\/p>\n<p><a href=\"https:\/\/tergar.org\/communities-and-practice-groups\/find-a-center-or-group\/dharamsala-practice-group\/\">Dharamsala Practice Group<\/a>[\/vc_column_text][\/vc_column_inner][vc_column_inner width=\u00bb1\/4&#8243;][vc_column_text]<strong>JAPAN<\/strong><\/p>\n<p><a href=\"https:\/\/tergar.org\/communities-and-practice-groups\/find-a-center-or-group\/japan-practice-group\/\">Japan Practice Group<\/a>[\/vc_column_text][\/vc_column_inner][vc_column_inner width=\u00bb1\/4&#8243;][vc_column_text]<strong>NEPAL<\/strong><\/p>\n<p><a href=\"https:\/\/tergar.org\/communities-and-practice-groups\/find-a-center-or-group\/kathmandu-practice-groups\/\">Kathmandu Practice Groups<\/a><\/p>\n<p><a href=\"https:\/\/tergar.org\/communities-and-practice-groups\/find-a-center-or-group\/kathmandu\/\">Tergar Osel Ling Monastery Kathmandu<\/a>[\/vc_column_text][\/vc_column_inner][\/vc_row_inner][\/vc_tta_section][vc_tta_section title=\u00bbRussia and Ukraine\u00bb tab_id=\u00bb1555446836255-155b130b-b52a\u00bb][vc_row_inner][vc_column_inner][vc_column_text]<strong>RUSSIA<\/strong><\/p>\n<p><a href=\"https:\/\/tergar.org\/communities-and-practice-groups\/find-a-center-or-group\/moscow\/\">Moscow Tergar Community<\/a><\/p>\n<p><a href=\"https:\/\/tergar.org\/communities-and-practice-groups\/find-a-center-or-group\/saint-petersburg-practice-group\/\">Saint Petersburg Practice Group<\/a><\/p>\n<p><a href=\"https:\/\/tergar.org\/communities-and-practice-groups\/find-a-center-or-group\/yekaterinburg-practice-group\/\">Yekaterinburg Practice Group<\/a><\/p>\n<p><strong>UKRAINE<\/strong><\/p>\n<p><a href=\"https:\/\/tergar.org\/communities-and-practice-groups\/find-a-center-or-group\/kiev-practice-group\/\">Kiev Practice Group<\/a>[\/vc_column_text][\/vc_column_inner][\/vc_row_inner][\/vc_tta_section][\/vc_tta_tabs][\/vc_column][\/vc_row]<\/p>\n","protected":false},"excerpt":{"rendered":"<p>[vc_row u_row_style=\u00bb1&#8243; lms_row_has_bk_offset=\u00bb1&#8243; lms_row_bk_columns_offset=\u00bb0&#8243; u_row_enrollment_restriction=\u00bb0&#8243; lms_row_bk_offset_margin_bottom=\u00bb3%\u00bb][vc_column][vc_column_text] Encuentra tu comunidad de meditaci\u00f3n o grupo de pr\u00e1ctica de Tergar [\/vc_column_text][\/vc_column][\/vc_row][vc_row u_row_style=\u00bb1&#8243; lms_row_has_bk_offset=\u00bb1&#8243; lms_row_bk_columns_offset=\u00bb0&#8243; [&hellip;]<\/p>\n","protected":false},"author":1,"featured_media":0,"parent":751,"menu_order":0,"comment_status":"closed","ping_status":"closed","template":"defaulttemplate.php","meta":{"footnotes":""},"class_list":["post-819","page","type-page","status-publish","hentry"],"acf":[],"_links":{"self":[{"href":"https:\/\/aprende.tergar.org\/es\/wp-json\/wp\/v2\/pages\/819","targetHints":{"allow":["GET"]}}],"collection":[{"href":"https:\/\/aprende.tergar.org\/es\/wp-json\/wp\/v2\/pages"}],"about":[{"href":"https:\/\/aprende.tergar.org\/es\/wp-json\/wp\/v2\/types\/page"}],"author":[{"embeddable":true,"href":"https:\/\/aprende.tergar.org\/es\/wp-json\/wp\/v2\/users\/1"}],"replies":[{"embeddable":true,"href":"https:\/\/aprende.tergar.org\/es\/wp-json\/wp\/v2\/comments?post=819"}],"version-history":[{"count":5,"href":"https:\/\/aprende.tergar.org\/es\/wp-json\/wp\/v2\/pages\/819\/revisions"}],"predecessor-version":[{"id":1999,"href":"https:\/\/aprende.tergar.org\/es\/wp-json\/wp\/v2\/pages\/819\/revisions\/1999"}],"up":[{"embeddable":true,"href":"https:\/\/aprende.tergar.org\/es\/wp-json\/wp\/v2\/pages\/751"}],"wp:attachment":[{"href":"https:\/\/aprende.tergar.org\/es\/wp-json\/wp\/v2\/media?parent=819"}],"curies":[{"name":"wp","href":"https:\/\/api.w.org\/{rel}","templated":true}]}}