{"id":8,"date":"2019-12-10T19:06:14","date_gmt":"2019-12-10T19:06:14","guid":{"rendered":"http:\/\/qa.tergar.org\/multisite\/es\/?page_id=8"},"modified":"2023-10-30T20:16:21","modified_gmt":"2023-10-30T20:16:21","slug":"tergar-comunidad-de-aprendizaje","status":"publish","type":"page","link":"https:\/\/aprende.tergar.org\/es\/","title":{"rendered":"Tergar Comunidad de Aprendizaje"},"content":{"rendered":"<p>[vc_row full_width=\u00bbstretch_row_content_no_spaces\u00bb u_row_style=\u00bb1&#8243; lms_row_has_bk_offset=\u00bb1&#8243; lms_row_bk_columns_offset=\u00bb0&#8243; u_row_enrollment_restriction=\u00bb0&#8243; el_class=\u00bbmargin-banner-home\u00bb][vc_column lms_has_clearfix=\u00bb0&#8243;][vc_single_image image=\u00bb2462&#8243; img_size=\u00bbfull\u00bb el_class=\u00bbimg-responsiveimg-responsive hidden-xs\u00bb][vc_single_image image=\u00bb2463&#8243; img_size=\u00bbfull\u00bb el_class=\u00bbimg-responsive visible-xs\u00bb][vc_raw_html]JTNDZGl2JTIwaWQlM0QlMjJ0eXBlZC1zdHJpbmdzJTIyJTNFJTBBJTIwJTIwJTIwJTIwJTNDcCUzRU1lZGl0YSUyMCUzQ3N0cm9uZyUzRWN1YW5kbyUyMHNlYSUzQyUyRnN0cm9uZyUzRSUzQyUyRnAlM0UlMEElMjAlMjAlMjAlMjAlM0NwJTNFTWVkaXRhJTIwJTNDc3Ryb25nJTNFZG9uZGUlMjBzZWElM0MlMkZzdHJvbmclM0UlM0MlMkZwJTNFJTBBJTNDJTJGZGl2JTNFJTBBJTNDc3BhbiUyMGlkJTNEJTIydHlwZWQlMjIlM0UlM0MlMkZzcGFuJTNFJTBBJTNDJTIxLS0lM0NhJTIwY2xhc3MlM0QlMjJjb2xvcmJveC12aWRlbyUyMGJ0bi1iYW5uZXItaG9tZSUyMiUyMGhyZWYlM0QlMjJodHRwcyUzQSUyRiUyRnBsYXllci52aW1lby5jb20lMkZ2aWRlbyUyRjM2NTgzNTU0NyUzRnRpdGxlJTNEMCUyNmJ5bGluZSUzRDAlMjZwb3J0cmFpdCUzRDAlMjIlM0VIYXolMjB1biUyMHJlY29ycmlkbyUzQyUyRmElM0UtLSUzRSUwQSUzQ2ElMjBjbGFzcyUzRCUyMmJ0bi1iYW5uZXItaG9tZSUyMiUyMGhyZWYlM0QlMjJodHRwcyUzQSUyRiUyRmFwcmVuZGUudGVyZ2FyLm9yZyUyRmVzJTJGbGEtYWxlZ3JpYS1kZS12aXZpciUyRiUyMiUzRUVNUElFWkElMjBIT1klM0MlMkZhJTNF[\/vc_raw_html][\/vc_column][\/vc_row][vc_row u_row_style=\u00bb1&#8243; lms_row_has_bk_offset=\u00bb1&#8243; lms_row_bk_offset_side=\u00bbright\u00bb lms_row_bk_columns_offset=\u00bb4&#8243; u_row_enrollment_restriction=\u00bb0&#8243; lms_row_bk_offset_image=\u00bb2513&#8243; css=\u00bb.vc_custom_1643731318316{padding-top: 40px !important;padding-bottom: 40px !important;}\u00bb lms_row_bk_offset_section_classes=\u00bbsin-fondo-sm\u00bb][vc_column width=\u00bb11\/12&#8243; lms_has_clearfix=\u00bb0&#8243; offset=\u00bbvc_col-lg-6 vc_col-md-6&#8243;][vc_column_text]<\/p>\n<h2>Empieza tu entrenamiento<\/h2>\n<div class=\"row pb40\">\n<div class=\"col-xs-12 col-sm-11 col-xs-offset-0 col-sm-offset-1\">\n<p>Para poder reconocer y experimentar la calma y la felicidad que ya se encuentra en la naturaleza de nuestra mente, necesitamos hacer de la meditaci\u00f3n un h\u00e1bito diario.<\/p>\n<p>Con nuestro programa \u00abLa Alegr\u00eda de Vivir\u00bb comenzar\u00e1s a calmar tu mente y a disfrutar todos los d\u00edas de los beneficios de la meditaci\u00f3n.<\/p>\n<p>En Tergar, la Comunidad de meditaci\u00f3n de Mingyur Rinpoche, hacemos accesibles los programas de meditaci\u00f3n para que puedas incorporarlos en tu vida cotidiana.<\/p><\/div>\n<\/div>\n<p>[\/vc_column_text][\/vc_column][vc_column width=\u00bb5\/6&#8243; lms_has_clearfix=\u00bb1&#8243; offset=\u00bbvc_col-lg-offset-0 vc_col-lg-6 vc_col-md-offset-0 vc_col-md-6 vc_col-sm-offset-1&#8243; el_class=\u00bbposition-relative\u00bb][vc_column_text css=\u00bb.vc_custom_1616778416178{margin-bottom: 0px !important;}\u00bb el_class=\u00bblink-img-jol\u00bb]<\/p>\n<div>\n<h2><a href=\"https:\/\/aprende.tergar.org\/es\/la-alegria-de-vivir\/\">La Alegr\u00eda de Vivir<\/a><\/h2>\n<h3><a href=\"https:\/\/aprende.tergar.org\/es\/la-alegria-de-vivir\/\">Aprende a meditar<\/a><\/h3>\n<p><a href=\"https:\/\/aprende.tergar.org\/es\/la-alegria-de-vivir\/\">conoce m\u00e1s<\/a><\/div>\n<p>[\/vc_column_text][vc_single_image image=\u00bb779&#8243; img_size=\u00bbfull\u00bb onclick=\u00bbcustom_link\u00bb el_class=\u00bbimg-responsive hidden-md\u00bb link=\u00bbhttps:\/\/aprende.tergar.org\/es\/la-alegria-de-vivir\/\u00bb][vc_single_image image=\u00bb780&#8243; img_size=\u00bbfull\u00bb onclick=\u00bbcustom_link\u00bb el_class=\u00bbimg-responsive visible-md\u00bb link=\u00bbhttps:\/\/aprende.tergar.org\/es\/la-alegria-de-vivir\/\u00bb][\/vc_column][vc_column width=\u00bb1\/2&#8243; lms_has_clearfix=\u00bb0&#8243; el_class=\u00bbposition-relative hidden\u00bb css=\u00bb.vc_custom_1582051250923{margin-bottom: 20px !important;padding-right: 0px !important;padding-left: 0px !important;}\u00bb][vc_column_text css=\u00bb.vc_custom_1616776844413{margin-bottom: 0px !important;}\u00bb]<\/p>\n<div class=\"overlay-category\">\n<h2><a href=\"https:\/\/joy.tergar.org\/joy-of-living\/\">La Alegr\u00eda de Vivir<\/a><\/h2>\n<h3><a href=\"https:\/\/joy.tergar.org\/joy-of-living\/\">Aprende a meditar<\/a><\/h3>\n<p><a href=\"https:\/\/aprende.tergar.org\/es\/la-alegria-de-vivir\/\">conoce m\u00e1s<\/a><\/p>\n<p class=\"hidden-xs\"><a href=\"https:\/\/joy.tergar.org\/joy-of-living\/\">Tergar Aprendizaje ofrece una suscripci\u00f3n a su entrenamiento de meditaci\u00f3n para cualquier persona interesada en convertirse en un meditador. Puedes unirte ahora y obtener una prueba gratuita de 10 d\u00edas.<\/a><\/p>\n<\/div>\n<p>[\/vc_column_text][\/vc_column][vc_column width=\u00bb1\/2&#8243; lms_has_clearfix=\u00bb1&#8243; el_class=\u00bbposition-relative hidden\u00bb css=\u00bb.vc_custom_1582051258580{margin-bottom: 20px !important;padding-right: 0px !important;padding-left: 0px !important;}\u00bb][vc_single_image image=\u00bb31&#8243; img_size=\u00bbfull\u00bb el_class=\u00bbimg-responsive\u00bb][vc_column_text css=\u00bb.vc_custom_1581710126916{margin-bottom: 0px !important;}\u00bb]<\/p>\n<div class=\"overlay-category\">\n<h2><a href=\"https:\/\/learning.tergar.org\/course_library\/vajrayana-online\/\" target=\"_blank\" rel=\"noopener noreferrer\">Vajrayana en l\u00ednea<\/a><\/h2>\n<h3><a href=\"https:\/\/learning.tergar.org\/course_library\/vajrayana-online\/\" target=\"_blank\" rel=\"noopener noreferrer\">Estudio y pr\u00e1ctica budista<\/a><\/h3>\n<p class=\"hidden-xs\"><a href=\"https:\/\/learning.tergar.org\/course_library\/vajrayana-online\/\" target=\"_blank\" rel=\"noopener noreferrer\">Vajrayana en l\u00ednea es un programa de suscripci\u00f3n que ofrece una gama completa ense\u00f1anzas pr\u00e1cticas del pensamiento y pr\u00e1ctica budista.<\/a><\/p>\n<\/div>\n<p>[\/vc_column_text][\/vc_column][\/vc_row][vc_row u_row_style=\u00bb1&#8243; lms_row_has_bk_offset=\u00bb0&#8243; lms_row_bk_columns_offset=\u00bb4&#8243; u_row_enrollment_restriction=\u00bb0&#8243; lms_row_bk_offset_image=\u00bb2500&#8243; lms_row_bk_offset_margin_bottom=\u00bb7%\u00bb el_class=\u00bbbk-gris-extra\u00bb][vc_column lms_has_clearfix=\u00bb0&#8243; el_class=\u00bbquote-principal\u00bb offset=\u00bbvc_col-lg-offset-2 vc_col-lg-8 vc_col-md-offset-1 vc_col-md-10&#8243;][vc_column_text]\u00abNecesit\u00e9 mucho tiempo para reconocer lo f\u00e1cil que es realmente la meditaci\u00f3n. Experimentar la paz natural es m\u00e1s f\u00e1cil que beber un vaso de agua. \u00bb[\/vc_column_text][vc_column_text el_class=\u00bbautor-quote-prin\u00bb]Mingyur Rinpoche[\/vc_column_text][\/vc_column][\/vc_row][vc_row u_row_style=\u00bb1&#8243; lms_row_has_bk_offset=\u00bb1&#8243; lms_row_bk_columns_offset=\u00bb4&#8243; u_row_enrollment_restriction=\u00bb0&#8243; lms_row_bk_offset_image=\u00bb2513&#8243; css=\u00bb.vc_custom_1643731339231{padding-top: 40px !important;padding-bottom: 40px !important;}\u00bb lms_row_bk_offset_margin_bottom=\u00bb7%\u00bb lms_row_bk_offset_section_classes=\u00bbsin-fondo-sm\u00bb][vc_column width=\u00bb11\/12&#8243; lms_has_clearfix=\u00bb0&#8243; el_class=\u00bbcol-md-push-6&#8243; css=\u00bb.vc_custom_1556144990354{margin-bottom: 30px !important;}\u00bb offset=\u00bbvc_col-lg-6 vc_col-md-6&#8243;][vc_column_text css=\u00bb.vc_custom_1616806410104{padding-bottom: 20px !important;}\u00bb]<\/p>\n<h2>Sabidur\u00eda antigua para el mundo moderno<\/h2>\n<p>[\/vc_column_text][vc_column_text css=\u00bb.vc_custom_1617993352389{padding-bottom: 20px !important;}\u00bb]<\/p>\n<div class=\"row\">\n<div class=\"col-xs-12 col-sm-11 col-xs-offset-0 col-sm-offset-1\">\n<p>Es sorprendente descubrir que las preguntas que se hace la ciencia moderna sobre la mente ya han sido exploradas durante miles de a\u00f1os por los practicantes de la\u00a0 meditaci\u00f3n.<\/p>\n<p>Hoy, la conversaci\u00f3n entre los practicantes de estas t\u00e9cnicas ancestrales de meditaci\u00f3n y la ciencia moderna se ha estrechado, floreciendo en una colaboraci\u00f3n sumamente activa. Yongey Mingyur Rinpoche, quien desde su infancia ha practicado la meditaci\u00f3n, forma parte activa en el florecimiento de este di\u00e1logo.<\/p><\/div>\n<\/div>\n<p>[\/vc_column_text][\/vc_column][vc_column width=\u00bb5\/6&#8243; lms_has_clearfix=\u00bb0&#8243; el_class=\u00bbcol-md-pull-6 filter-grayscale\u00bb offset=\u00bbvc_col-lg-offset-0 vc_col-lg-6 vc_col-md-offset-0 vc_col-md-6 vc_col-sm-offset-1&#8243;][vc_column_text]<a class=\"colorbox-video\" href=\"https:\/\/iframe.dacast.com\/vod\/11ac3eb1-cbd0-79b7-7ac2-33e575395bea\/1fd55105-d4c7-46a8-ebdf-83a741b6195f\"><img loading=\"lazy\" decoding=\"async\" class=\"img-responsive alignnone wp-image-3208 size-full\" src=\"https:\/\/tergarlmsmlbucket.s3.eu-central-1.amazonaws.com\/wp-content\/uploads\/sites\/2\/2022\/01\/17221856\/viedeo-home-1.jpg\" alt=\"\" width=\"1260\" height=\"810\" \/><\/a>[\/vc_column_text][\/vc_column][\/vc_row][vc_row u_row_style=\u00bb1&#8243; lms_row_has_bk_offset=\u00bb1&#8243; lms_row_bk_columns_offset=\u00bb0&#8243; u_row_enrollment_restriction=\u00bb0&#8243; css=\u00bb.vc_custom_1616773264087{margin-bottom: 60px !important;}\u00bb][vc_column lms_has_clearfix=\u00bb0&#8243;][vc_column_text]<\/p>\n<h2 style=\"text-align: center\">Transforma tu vida al entrenar tu mente<\/h2>\n<p style=\"text-align: center\">La visi\u00f3n, meditaci\u00f3n y aplicaci\u00f3n son la base para traer conciencia y entendimiento a tu vida diaria.<\/p>\n<p>[\/vc_column_text][\/vc_column][\/vc_row][vc_row u_row_style=\u00bb1&#8243; lms_row_has_bk_offset=\u00bb1&#8243; lms_row_bk_columns_offset=\u00bb0&#8243; lms_row_bk_repeat=\u00bbX\u00bb u_row_enrollment_restriction=\u00bb0&#8243; lms_row_bk_offset_image=\u00bb841&#8243; lms_row_bk_position=\u00bb0 30px\u00bb lms_row_bk_offset_margin_bottom=\u00bb4%\u00bb][vc_column width=\u00bb1\/3&#8243; lms_has_clearfix=\u00bb0&#8243; el_class=\u00bbmethodology-point text-center\u00bb css=\u00bb.vc_custom_1553285318019{margin-bottom: 40px !important;}\u00bb][vc_column_text]<img decoding=\"async\" class=\"alignnone size-full wp-image-90\" src=\"https:\/\/joy.tergar.org\/wp-content\/uploads\/2019\/02\/head.png\" alt=\"\" \/><\/p>\n<h2>Visi\u00f3n<\/h2>\n<p>El entrenamiento inicia con la visi\u00f3n \u2013la manera en que nos vemos a nosotros y al mundo\u2013, aprendiendo a vernos con las cualidades que no cre\u00edamos tener.[\/vc_column_text][\/vc_column][vc_column width=\u00bb1\/3&#8243; lms_has_clearfix=\u00bb0&#8243; el_class=\u00bbmethodology-point text-center\u00bb css=\u00bb.vc_custom_1553285332218{margin-bottom: 40px !important;}\u00bb][vc_column_text]<img decoding=\"async\" class=\"alignnone size-full wp-image-92\" src=\"https:\/\/joy.tergar.org\/wp-content\/uploads\/2019\/02\/heart.png\" alt=\"\" \/><\/p>\n<h2>Meditaci\u00f3n<\/h2>\n<p>La meditaci\u00f3n es el puente entre la visi\u00f3n y la aplicaci\u00f3n. Cuando meditamos aprendemos a conectar con la conciencia y la calma interna que siempre han estado presentes.<\/p>\n<p><span style=\"font-weight: 400\">\u00a0<\/span>[\/vc_column_text][\/vc_column][vc_column width=\u00bb1\/3&#8243; lms_has_clearfix=\u00bb0&#8243; el_class=\u00bbmethodology-point text-center\u00bb][vc_column_text]<img decoding=\"async\" class=\"alignnone size-full wp-image-92\" src=\"https:\/\/joy.tergar.org\/wp-content\/uploads\/2019\/02\/habit.png\" alt=\"\" \/><\/p>\n<h2 style=\"text-align: center\">Aplicaci\u00f3n<\/h2>\n<p>La aplicaci\u00f3n trae los descubrimientos aprendidos y la experiencia de la meditaci\u00f3n a los retos de la vida diaria.<\/p>\n<p><span style=\"font-weight: 400\">\u00a0<\/span>[\/vc_column_text][\/vc_column][\/vc_row][vc_row full_width=\u00bbstretch_row\u00bb u_row_style=\u00bb1&#8243; lms_row_has_bk_offset=\u00bb0&#8243; lms_row_bk_columns_offset=\u00bb4&#8243; u_row_enrollment_restriction=\u00bb0&#8243; lms_row_bk_offset_image=\u00bb2500&#8243; lms_row_bk_offset_margin_bottom=\u00bb7%\u00bb el_class=\u00bbbk-qoute-full\u00bb][vc_column lms_has_clearfix=\u00bb0&#8243; offset=\u00bbvc_col-lg-offset-2 vc_col-lg-8 vc_col-md-offset-1 vc_col-md-10&#8243;][vc_column_text css=\u00bb.vc_custom_1618506295544{padding-bottom: 20px !important;}\u00bb el_class=\u00bbquote-principal\u00bb]<\/p>\n<p>\u00abLa idea de vivir con alegr\u00eda es encontrar esa sensaci\u00f3n de felicidad que proviene de ti mismo, y que no necesita depender totalmente de las circunstancias externas.\u00bb<\/p>\n<p>[\/vc_column_text][vc_column_text el_class=\u00bbautor-quote-prin\u00bb]<\/p>\n<p>Mingyur Rinpoche<\/p>\n<p>[\/vc_column_text][\/vc_column][\/vc_row][vc_row u_row_style=\u00bb1&#8243; lms_row_has_bk_offset=\u00bb1&#8243; lms_row_bk_columns_offset=\u00bb0&#8243; u_row_enrollment_restriction=\u00bb0&#8243; lms_row_bk_offset_margin_bottom=\u00bb6%\u00bb][vc_column lms_has_clearfix=\u00bb0&#8243; offset=\u00bbvc_col-lg-6 vc_col-md-6&#8243;][vc_column_text]<\/p>\n<h2>Sobre Yongey Mingyur Rinpoche<\/h2>\n<p>[\/vc_column_text][vc_single_image image=\u00bb2458&#8243; img_size=\u00bbfull\u00bb alignment=\u00bbcenter\u00bb el_class=\u00bbfoto-bio-ymr visible-xs visible-sm\u00bb][vc_column_text]<\/p>\n<div class=\"row pb40\">\n<div class=\"col-xs-12 col-sm-11 col-xs-offset-0 col-sm-offset-1\">\n<p>Mingyur Rinpoche integra la pr\u00e1ctica y la filosof\u00eda budista tradicional con la comprensi\u00f3n cient\u00edfica actual de la mente y de la salud mental, haciendo que la pr\u00e1ctica de la mediaci\u00f3n sea relevante y accesible para sus estudiantes en todo el mundo.<\/p>\n<p>Nacido en Nepal en 1975, Mingyur Rinpoche comenz\u00f3 a estudiar meditaci\u00f3n cuando era ni\u00f1o con su padre, Tulku Urgyen Rinpoche, quien as\u00ed mismo fue un respetado maestro budista. Pas\u00f3 muchos a\u00f1os de su infancia en un retiro estricto y complet\u00f3 la formaci\u00f3n budista tradicional en filosof\u00eda y psicolog\u00eda. Adem\u00e1s de contar con una amplia formaci\u00f3n en las tradiciones meditativas y filos\u00f3ficas del budismo tibetano, Mingyur Rinpoche tambi\u00e9n se ha interesado en la ciencia y la psicolog\u00eda occidentales, aspecto que lo ha llevado a tener diversas colaboraciones muy fruct\u00edferas con neurocient\u00edficos y psic\u00f3logos.<\/p>\n<p>Mingyur Rinpoche es el autor del libro \u00ab<i>La alegr\u00eda de vivir: El secreto y la ciencia de la felicidad<\/i>\u00bb, as\u00ed como de: <i>La dicha de la sabidur\u00eda. Abrazar el cambio y encontrar la libertad<\/i>; <i>Transformar la confusi\u00f3n en claridad. Una gu\u00eda de las pr\u00e1cticas fundacionales del budismo tibetano<\/i> y <i>Enamorado del mundo. El viaje de un monje a trav\u00e9s de los bardos de la vida y de la muerte<\/i>.<\/div>\n<\/div>\n<p>[\/vc_column_text][\/vc_column][vc_column width=\u00bb1\/2&#8243; lms_has_clearfix=\u00bb0&#8243; offset=\u00bbvc_col-lg-offset-0 vc_col-md-offset-0 vc_col-sm-offset-0&#8243; el_class=\u00bbimg-donar-movil hidden-xs hidden-sm\u00bb][vc_single_image image=\u00bb2458&#8243; img_size=\u00bbfull\u00bb alignment=\u00bbcenter\u00bb el_class=\u00bbfoto-bio-ymr\u00bb][\/vc_column][\/vc_row][vc_row full_width=\u00bbstretch_row_content_no_spaces\u00bb u_row_style=\u00bb0&#8243; lms_row_has_bk_offset=\u00bb1&#8243; lms_row_bk_columns_offset=\u00bb0&#8243; u_row_enrollment_restriction=\u00bb2&#8243; css=\u00bb.vc_custom_1643736115461{margin-bottom: 60px !important;}\u00bb el_class=\u00bbsection-no-subscribe\u00bb][vc_column lms_has_clearfix=\u00bb0&#8243;][vc_column_text]<\/p>\n<h2 style=\"text-align: center\">Meditar es m\u00e1s f\u00e1cil de lo que crees, \u00a1\u00fanete ahora!<\/h2>\n<p>[\/vc_column_text][\/vc_column][\/vc_row][vc_row u_row_style=\u00bb0&#8243; lms_row_has_bk_offset=\u00bb1&#8243; lms_row_bk_columns_offset=\u00bb0&#8243; lms_row_bk_repeat=\u00bbX\u00bb u_row_enrollment_restriction=\u00bb2&#8243; lms_row_bk_offset_image=\u00bb841&#8243; lms_row_bk_position=\u00bb0 30px\u00bb lms_row_bk_offset_margin_bottom=\u00bb2%\u00bb el_class=\u00bbsection-no-subscribe\u00bb][vc_column width=\u00bb1\/3&#8243; lms_has_clearfix=\u00bb0&#8243; el_class=\u00bbmethodology-point text-center\u00bb css=\u00bb.vc_custom_1553285318019{margin-bottom: 40px !important;}\u00bb][vc_column_text]<img decoding=\"async\" class=\"alignnone size-full wp-image-90\" src=\"https:\/\/s3-us-east-2.amazonaws.com\/betatergarbucket\/wp-content\/uploads\/2019\/10\/17140741\/1b.png\" alt=\"\" \/><br \/>\nSelecciona tu plan y registrate<\/p>\n<p>[\/vc_column_text][\/vc_column][vc_column width=\u00bb1\/3&#8243; lms_has_clearfix=\u00bb0&#8243; el_class=\u00bbmethodology-point text-center\u00bb css=\u00bb.vc_custom_1553285332218{margin-bottom: 40px !important;}\u00bb][vc_column_text]<img decoding=\"async\" class=\"alignnone size-full wp-image-90\" src=\"https:\/\/s3-us-east-2.amazonaws.com\/betatergarbucket\/wp-content\/uploads\/2019\/10\/17140743\/2b.png\" alt=\"\" \/><br \/>\nAl elegir tu plan de suscripci\u00f3n \u00a1Recibir\u00e1s gratis una prueba de 10 d\u00edas!<\/p>\n<p>[\/vc_column_text][\/vc_column][vc_column width=\u00bb1\/3&#8243; lms_has_clearfix=\u00bb0&#8243; el_class=\u00bbmethodology-point text-center\u00bb][vc_column_text]<img decoding=\"async\" class=\"alignnone size-full wp-image-90\" src=\"https:\/\/s3-us-east-2.amazonaws.com\/betatergarbucket\/wp-content\/uploads\/2019\/10\/17135108\/3.png\" alt=\"\" \/><br \/>\n\u00a1Empieza a meditar!<\/p>\n<p>[\/vc_column_text][\/vc_column][\/vc_row][vc_row u_row_style=\u00bb1&#8243; lms_row_has_bk_offset=\u00bb1&#8243; lms_row_bk_columns_offset=\u00bb0&#8243; u_row_enrollment_restriction=\u00bb0&#8243; lms_row_bk_offset_margin_bottom=\u00bb6%\u00bb el_class=\u00bbsection-no-subscribe\u00bb][vc_column lms_has_clearfix=\u00bb0&#8243;][vc_raw_html]JTVCdGVyZ2FyLWNvbW1lcmNlLWhhcy1uby1wcm9kdWN0JTVEJTBBJTVCdGVyZ2FyLWNvbW1lcmNlLWlzX2xvZ2dlZCU1RCUwQSU1QnRlcmdhci1wcm9kdWN0LXByaWNlcy12MiU1RCUwQSUwQSU1QiUyRnRlcmdhci1jb21tZXJjZS1pc19sb2dnZWQlNUQlMEElNUJ0ZXJnYXItY29tbWVyY2UtaXNfbm90X2xvZ2dlZCU1RCUwQSU1QnRlcmdhci1wcm9kdWN0LXByaWNlcy1ub3QtbG9nZ2VkLWluLXYyJTVEJTBBJTBBJTVCJTJGdGVyZ2FyLWNvbW1lcmNlLWlzX25vdF9sb2dnZWQlNUQlMEElNUIlMkZ0ZXJnYXItY29tbWVyY2UtaGFzLW5vLXByb2R1Y3QlNUQ=[\/vc_raw_html][\/vc_column][\/vc_row][vc_row][vc_column][vc_raw_html]JTNDJTIxLS0lM0NkaXYlMjBjbGFzcyUzRCUyMm1vZGFsJTIwZmFkZSUyMiUyMGlkJTNEJTIybXlNb2RhbCUyMiUyMHJvbGUlM0QlMjJkaWFsb2clMjIlM0UlMEElMjAlMjAlMjAlMjAlM0NkaXYlMjBjbGFzcyUzRCUyMm1vZGFsLWRpYWxvZyUyMiUzRSUwQSUyMCUyMCUyMCUyMCUyMCUyMCUzQ2RpdiUyMGNsYXNzJTNEJTIybW9kYWwtY29udGVudCUyMiUzRSUwQSUyMCUyMCUyMCUyMCUyMCUyMCUyMCUyMCUzQ2RpdiUyMGNsYXNzJTNEJTIybW9kYWwtYm9keSUyMiUyMHN0eWxlJTNEJTIycGFkZGluZyUzQSUyMDFweCUyMDAlMjAycHglM0IlMjIlM0UlMEElMjAlMjAlMjAlMjAlMjAlMjAlMjAlMjAlMjAlMjAlMjAlM0NidXR0b24lMjB0eXBlJTNEJTIyYnV0dG9uJTIyJTIwY2xhc3MlM0QlMjJjbG9zZSUyMGNlcnJhci1lc3BlY2lhbCUyMiUyMGRhdGEtZGlzbWlzcyUzRCUyMm1vZGFsJTIyJTNFJTNDc3BhbiUyMGNsYXNzJTNEJTIyZ2x5cGhpY29uJTIwZ2x5cGhpY29uLXJlbW92ZSUyMiUyMGFyaWEtaGlkZGVuJTNEJTIydHJ1ZSUyMiUzRSUzQyUyRnNwYW4lM0UlM0MlMkZidXR0b24lM0UlMEElMjAlMjAlMjAlMjAlMjAlMjAlMjAlMjAlMjAlMjAlMjAlM0NpZnJhbWUlMjBzcmMlM0QlMjJodHRwcyUzQSUyRiUyRmVlcHVybC5jb20lMkZodGtDYTElMjIlMjBzY3JvbGxpbmclM0QlMjJubyUyMiUyMGNsYXNzJTNEJTIyZnJhbWUtbWFpbCUyMiUzRSUzQyUyRmlmcmFtZSUzRSUwQSUyMCUyMCUyMCUyMCUyMCUyMCUyMCUyMCUzQyUyRmRpdiUzRSUwQSUyMCUyMCUyMCUyMCUyMCUyMCUzQyUyRmRpdiUzRSUwQSUyMCUyMCUyMCUyMCUzQyUyRmRpdiUzRSUwQSUzQyUyRmRpdiUzRS0tJTNF[\/vc_raw_html][\/vc_column][\/vc_row][vc_row][vc_column][vc_raw_js]JTNDc2NyaXB0JTIwdHlwZSUzRCUyMnRleHQlMkZqYXZhc2NyaXB0JTIyJTNFJTBBJTJGJTJBalF1ZXJ5JTI4d2luZG93JTI5LmxvYWQlMjhmdW5jdGlvbiUyOCUyOSU3QiUwQSUyMCUyMCUyMCUyMGpRdWVyeSUyOCUyNyUyM215TW9kYWwlMjclMjkubW9kYWwlMjglMjdzaG93JTI3JTI5JTNCJTBBJTdEJTI5JTNCJTJBJTJGJTBBJTNDJTJGc2NyaXB0JTNF[\/vc_raw_js][vc_raw_js]JTNDc2NyaXB0JTNFJTBBJTIwJTIwJTIwJTIwalF1ZXJ5JTI4ZG9jdW1lbnQlMjkucmVhZHklMjhmdW5jdGlvbiUyOCUyNCUyOSUyMCU3QiUwQSUyMCUyMCUyMCUyMCUyMCUyMCUyMCUyMHZhciUyMGVsZW1lbnRzJTIwJTNEJTIwZG9jdW1lbnQuZ2V0RWxlbWVudHNCeUNsYXNzTmFtZSUyOCUyN2V4aXN0LXByaWNlcy1ib3glMjclMjklM0IlMEElMjAlMjAlMjAlMjAlMjAlMjAlMjAlMjB2YXIlMjByb3dzJTIwJTNEJTIwZG9jdW1lbnQuZ2V0RWxlbWVudHNCeUNsYXNzTmFtZSUyOCUyN3NlY3Rpb24tbm8tc3Vic2NyaWJlJTI3JTI5JTNCJTBBJTIwJTIwJTIwJTIwJTIwJTIwJTIwJTIwaWYlMjhlbGVtZW50cy5sZW5ndGglMjAlM0UlMjAwJTI5JTdCJTBBJTIwJTIwJTIwJTIwJTIwJTIwJTIwJTIwJTIwJTIwJTIwJTIwcm93cyU1QjAlNUQuc3R5bGUuZGlzcGxheSUyMCUzRCUyMCUyN2Jsb2NrJTI3JTNCJTBBJTIwJTIwJTIwJTIwJTIwJTIwJTIwJTIwJTIwJTIwJTIwJTIwcm93cyU1QjElNUQuc3R5bGUuZGlzcGxheSUyMCUzRCUyMCUyN2Jsb2NrJTI3JTNCJTBBJTIwJTIwJTIwJTIwJTIwJTIwJTIwJTIwJTIwJTIwJTIwJTIwcm93cyU1QjIlNUQuc3R5bGUuZGlzcGxheSUyMCUzRCUyMCUyN2Jsb2NrJTI3JTNCJTBBJTIwJTIwJTIwJTIwJTIwJTIwJTIwJTIwJTdEJTBBJTIwJTIwJTIwJTIwJTdEJTI5JTNCJTBBJTNDJTJGc2NyaXB0JTNF[\/vc_raw_js][\/vc_column][\/vc_row]<\/p>\n","protected":false},"excerpt":{"rendered":"<p>[vc_row full_width=\u00bbstretch_row_content_no_spaces\u00bb u_row_style=\u00bb1&#8243; lms_row_has_bk_offset=\u00bb1&#8243; lms_row_bk_columns_offset=\u00bb0&#8243; u_row_enrollment_restriction=\u00bb0&#8243; el_class=\u00bbmargin-banner-home\u00bb][vc_column lms_has_clearfix=\u00bb0&#8243;][vc_single_image image=\u00bb2462&#8243; img_size=\u00bbfull\u00bb el_class=\u00bbimg-responsiveimg-responsive hidden-xs\u00bb][vc_single_image image=\u00bb2463&#8243; img_size=\u00bbfull\u00bb el_class=\u00bbimg-responsive visible-xs\u00bb][vc_raw_html]JTNDZGl2JTIwaWQlM0QlMjJ0eXBlZC1zdHJpbmdzJTIyJTNFJTBBJTIwJTIwJTIwJTIwJTNDcCUzRU1lZGl0YSUyMCUzQ3N0cm9uZyUzRWN1YW5kbyUyMHNlYSUzQyUyRnN0cm9uZyUzRSUzQyUyRnAlM0UlMEElMjAlMjAlMjAlMjAlM0NwJTNFTWVkaXRhJTIwJTNDc3Ryb25nJTNFZG9uZGUlMjBzZWElM0MlMkZzdHJvbmclM0UlM0MlMkZwJTNFJTBBJTNDJTJGZGl2JTNFJTBBJTNDc3BhbiUyMGlkJTNEJTIydHlwZWQlMjIlM0UlM0MlMkZzcGFuJTNFJTBBJTNDJTIxLS0lM0NhJTIwY2xhc3MlM0QlMjJjb2xvcmJveC12aWRlbyUyMGJ0bi1iYW5uZXItaG9tZSUyMiUyMGhyZWYlM0QlMjJodHRwcyUzQSUyRiUyRnBsYXllci52aW1lby5jb20lMkZ2aWRlbyUyRjM2NTgzNTU0NyUzRnRpdGxlJTNEMCUyNmJ5bGluZSUzRDAlMjZwb3J0cmFpdCUzRDAlMjIlM0VIYXolMjB1biUyMHJlY29ycmlkbyUzQyUyRmElM0UtLSUzRSUwQSUzQ2ElMjBjbGFzcyUzRCUyMmJ0bi1iYW5uZXItaG9tZSUyMiUyMGhyZWYlM0QlMjJodHRwcyUzQSUyRiUyRmFwcmVuZGUudGVyZ2FyLm9yZyUyRmVzJTJGbGEtYWxlZ3JpYS1kZS12aXZpciUyRiUyMiUzRUVNUElFWkElMjBIT1klM0MlMkZhJTNF[\/vc_raw_html][\/vc_column][\/vc_row][vc_row u_row_style=\u00bb1&#8243; lms_row_has_bk_offset=\u00bb1&#8243; lms_row_bk_offset_side=\u00bbright\u00bb lms_row_bk_columns_offset=\u00bb4&#8243; u_row_enrollment_restriction=\u00bb0&#8243; [&hellip;]<\/p>\n","protected":false},"author":2,"featured_media":0,"parent":0,"menu_order":0,"comment_status":"closed","ping_status":"closed","template":"","meta":{"footnotes":""},"class_list":["post-8","page","type-page","status-publish","hentry"],"acf":[],"_links":{"self":[{"href":"https:\/\/aprende.tergar.org\/es\/wp-json\/wp\/v2\/pages\/8","targetHints":{"allow":["GET"]}}],"collection":[{"href":"https:\/\/aprende.tergar.org\/es\/wp-json\/wp\/v2\/pages"}],"about":[{"href":"https:\/\/aprende.tergar.org\/es\/wp-json\/wp\/v2\/types\/page"}],"author":[{"embeddable":true,"href":"https:\/\/aprende.tergar.org\/es\/wp-json\/wp\/v2\/users\/2"}],"replies":[{"embeddable":true,"href":"https:\/\/aprende.tergar.org\/es\/wp-json\/wp\/v2\/comments?post=8"}],"version-history":[{"count":119,"href":"https:\/\/aprende.tergar.org\/es\/wp-json\/wp\/v2\/pages\/8\/revisions"}],"predecessor-version":[{"id":2472,"href":"https:\/\/aprende.tergar.org\/es\/wp-json\/wp\/v2\/pages\/8\/revisions\/2472"}],"wp:attachment":[{"href":"https:\/\/aprende.tergar.org\/es\/wp-json\/wp\/v2\/media?parent=8"}],"curies":[{"name":"wp","href":"https:\/\/api.w.org\/{rel}","templated":true}]}}