{"id":751,"date":"2020-03-10T19:37:16","date_gmt":"2020-03-10T19:37:16","guid":{"rendered":"https:\/\/qa.tergar.org\/multisite\/es\/?page_id=751"},"modified":"2023-03-15T00:30:42","modified_gmt":"2023-03-15T00:30:42","slug":"comunidad","status":"publish","type":"page","link":"https:\/\/aprende.tergar.org\/es\/comunidad\/","title":{"rendered":"Comunidad"},"content":{"rendered":"<p>[vc_row u_row_style=\u00bb1&#8243; lms_row_has_bk_offset=\u00bb1&#8243; lms_row_bk_columns_offset=\u00bb0&#8243; u_row_enrollment_restriction=\u00bb0&#8243; lms_row_bk_offset_margin_bottom=\u00bb3%\u00bb][vc_column][vc_column_text]<\/p>\n<h2 style=\"text-align: center\">Bienvenido a la comunidad de aprendizaje de Tergar<\/h2>\n<p>[\/vc_column_text][\/vc_column][\/vc_row][vc_row u_row_style=\u00bb1&#8243; lms_row_has_bk_offset=\u00bb1&#8243; lms_row_bk_columns_offset=\u00bb0&#8243; u_row_enrollment_restriction=\u00bb0&#8243; lms_row_bk_offset_margin_bottom=\u00bb3%\u00bb][vc_column lms_has_clearfix=\u00bb0&#8243; offset=\u00bbvc_hidden-xs\u00bb][vc_single_image image=\u00bb811&#8243; img_size=\u00bbfull\u00bb][\/vc_column][vc_column lms_has_clearfix=\u00bb0&#8243; offset=\u00bbvc_hidden-lg vc_hidden-md vc_hidden-sm\u00bb][vc_single_image image=\u00bb814&#8243; img_size=\u00bbfull\u00bb alignment=\u00bbcenter\u00bb][\/vc_column][\/vc_row][vc_row u_row_style=\u00bb1&#8243; lms_row_has_bk_offset=\u00bb1&#8243; lms_row_bk_columns_offset=\u00bb0&#8243; u_row_enrollment_restriction=\u00bb0&#8243; lms_row_bk_offset_margin_bottom=\u00bb3%\u00bb][vc_column width=\u00bb5\/6&#8243; lms_has_clearfix=\u00bb0&#8243; offset=\u00bbvc_col-sm-offset-1&#8243;][vc_column_text]En este mundo que se mueve a un ritmo acelerado no es f\u00e1cil encontrar tiempo para meditar. Si reci\u00e9n est\u00e1s empezando, conectar con m\u00e1s meditadores te puede ayudar a hacer de la meditaci\u00f3n una parte integral de tu rutina diaria; si eres alguien con m\u00e1s experiencia, te puede ayudar a refrescar e inspirar tu pr\u00e1ctica meditativa. A continuaci\u00f3n te presentamos algunas maneras en las que puedes conectar con m\u00e1s meditadores alrededor del mundo.[\/vc_column_text][\/vc_column][\/vc_row][vc_row u_row_style=\u00bb1&#8243; lms_row_has_bk_offset=\u00bb1&#8243; lms_row_bk_columns_offset=\u00bb0&#8243; u_row_enrollment_restriction=\u00bb0&#8243; lms_row_bk_offset_margin_bottom=\u00bb5%\u00bb css=\u00bb.vc_custom_1555368053561{padding-left: 0px !important;}\u00bb][vc_column width=\u00bb1\/2&#8243; lms_has_clearfix=\u00bb0&#8243; css=\u00bb.vc_custom_1556140729803{margin-bottom: 20px !important;padding-right: 0px !important;padding-left: 0px !important;}\u00bb el_class=\u00bbcommunity-acces txt-lt\u00bb][vc_single_image image=\u00bb812&#8243; img_size=\u00bbfull\u00bb onclick=\u00bbcustom_link\u00bb link=\u00bbhttps:\/\/aprende.tergar.org\/es\/comunidad\/encuentra-un-grupo-de-meditacion-cerca-de-ti\/\u00bb][vc_column_text css=\u00bb.vc_custom_1584312681583{margin-bottom: 0px !important;}\u00bb]<\/p>\n<h2><a href=\"https:\/\/aprende.tergar.org\/es\/comunidad\/encuentra-un-grupo-de-meditacion-cerca-de-ti\/\" rel=\"noopener\">Encuentra un grupo de meditaci\u00f3n cerca de ti<\/a><\/h2>\n<p>[\/vc_column_text][\/vc_column][vc_column width=\u00bb1\/2&#8243; lms_has_clearfix=\u00bb0&#8243; css=\u00bb.vc_custom_1556140751714{margin-bottom: 20px !important;padding-right: 0px !important;padding-left: 0px !important;}\u00bb el_class=\u00bbcommunity-acces txt-br\u00bb][vc_single_image image=\u00bb813&#8243; img_size=\u00bbfull\u00bb onclick=\u00bbcustom_link\u00bb img_link_target=\u00bb_blank\u00bb link=\u00bbhttps:\/\/espanol.tergar.org\/eventos\/\u00bb][vc_column_text css=\u00bb.vc_custom_1584312435956{margin-bottom: 0px !important;}\u00bb]<\/p>\n<h2 style=\"text-align: right\"><a href=\"https:\/\/espanol.tergar.org\/eventos\/\" target=\"_blank\" rel=\"noopener noreferrer\">Encuentra un evento de Tergar cerca de ti<\/a><\/h2>\n<p>[\/vc_column_text][\/vc_column][\/vc_row]<\/p>\n","protected":false},"excerpt":{"rendered":"<p>[vc_row u_row_style=\u00bb1&#8243; lms_row_has_bk_offset=\u00bb1&#8243; lms_row_bk_columns_offset=\u00bb0&#8243; u_row_enrollment_restriction=\u00bb0&#8243; lms_row_bk_offset_margin_bottom=\u00bb3%\u00bb][vc_column][vc_column_text] Bienvenido a la comunidad de aprendizaje de Tergar [\/vc_column_text][\/vc_column][\/vc_row][vc_row u_row_style=\u00bb1&#8243; lms_row_has_bk_offset=\u00bb1&#8243; lms_row_bk_columns_offset=\u00bb0&#8243; u_row_enrollment_restriction=\u00bb0&#8243; lms_row_bk_offset_margin_bottom=\u00bb3%\u00bb][vc_column lms_has_clearfix=\u00bb0&#8243; [&hellip;]<\/p>\n","protected":false},"author":2,"featured_media":0,"parent":0,"menu_order":0,"comment_status":"closed","ping_status":"closed","template":"defaulttemplate.php","meta":{"footnotes":""},"class_list":["post-751","page","type-page","status-publish","hentry"],"acf":[],"_links":{"self":[{"href":"https:\/\/aprende.tergar.org\/es\/wp-json\/wp\/v2\/pages\/751","targetHints":{"allow":["GET"]}}],"collection":[{"href":"https:\/\/aprende.tergar.org\/es\/wp-json\/wp\/v2\/pages"}],"about":[{"href":"https:\/\/aprende.tergar.org\/es\/wp-json\/wp\/v2\/types\/page"}],"author":[{"embeddable":true,"href":"https:\/\/aprende.tergar.org\/es\/wp-json\/wp\/v2\/users\/2"}],"replies":[{"embeddable":true,"href":"https:\/\/aprende.tergar.org\/es\/wp-json\/wp\/v2\/comments?post=751"}],"version-history":[{"count":9,"href":"https:\/\/aprende.tergar.org\/es\/wp-json\/wp\/v2\/pages\/751\/revisions"}],"predecessor-version":[{"id":1220,"href":"https:\/\/aprende.tergar.org\/es\/wp-json\/wp\/v2\/pages\/751\/revisions\/1220"}],"wp:attachment":[{"href":"https:\/\/aprende.tergar.org\/es\/wp-json\/wp\/v2\/media?parent=751"}],"curies":[{"name":"wp","href":"https:\/\/api.w.org\/{rel}","templated":true}]}}