{"id":740,"date":"2020-03-10T19:26:08","date_gmt":"2020-03-10T19:26:08","guid":{"rendered":"https:\/\/qa.tergar.org\/multisite\/es\/?page_id=740"},"modified":"2023-03-10T19:51:16","modified_gmt":"2023-03-10T19:51:16","slug":"guias-tergar","status":"publish","type":"page","link":"https:\/\/aprende.tergar.org\/es\/acerca\/guias-tergar\/","title":{"rendered":"Gu\u00edas Tergar"},"content":{"rendered":"<p>[vc_row u_row_style=\u00bb1&#8243; lms_row_has_bk_offset=\u00bb1&#8243; lms_row_bk_columns_offset=\u00bb0&#8243; u_row_enrollment_restriction=\u00bb0&#8243; lms_row_bk_offset_margin_bottom=\u00bb3%\u00bb][vc_column][vc_column_text el_id=\u00bbmaya\u00bb]<\/p>\n<h2 style=\"text-align: center\">Gu\u00edas Tergar<\/h2>\n<p>[\/vc_column_text][\/vc_column][\/vc_row][vc_row disable_element=\u00bbyes\u00bb u_row_style=\u00bb1&#8243; lms_row_has_bk_offset=\u00bb1&#8243; lms_row_bk_columns_offset=\u00bb0&#8243; u_row_enrollment_restriction=\u00bb0&#8243; lms_row_bk_offset_margin_bottom=\u00bb3%\u00bb][vc_column lms_has_clearfix=\u00bb0&#8243; offset=\u00bbvc_col-lg-offset-2 vc_col-lg-8 vc_col-md-offset-2 vc_col-md-8&#8243;][vc_column_text el_class=\u00bbtext-center\u00bb]<span class=\"tlid-translation translation\" lang=\"es\"><span class=\"\" title=\"\">Los gu\u00edas facilitan los programas de la Aleg\u00eda de Vivir, incluidos los retiros residenciales, y ayudan con los cursos de Path of Liberation impartidos por Mingyur Rinpoche y otros lamas Tergar.<\/span> <span class=\"\" title=\"\">Tambi\u00e9n imparten cursos de Exploraci\u00f3n del budismo, ofrecen entrevistas de meditaci\u00f3n y asesoran al personal y las comunidades de Tergar.<\/span><\/span>[\/vc_column_text][\/vc_column][\/vc_row][vc_row content_placement=\u00bbmiddle\u00bb u_row_style=\u00bb1&#8243; lms_row_has_bk_offset=\u00bb1&#8243; lms_row_bk_columns_offset=\u00bb2&#8243; u_row_enrollment_restriction=\u00bb0&#8243; lms_row_bk_offset_image=\u00bb2513&#8243; css=\u00bb.vc_custom_1643732074616{padding-top: 30px !important;padding-bottom: 30px !important;}\u00bb lms_row_bk_offset_margin_bottom=\u00bb5%\u00bb el_class=\u00bbaling-top-photo-instuctor\u00bb][vc_column width=\u00bb1\/4&#8243;][vc_single_image image=\u00bb785&#8243; img_size=\u00bbfull\u00bb alignment=\u00bbright\u00bb][\/vc_column][vc_column width=\u00bb3\/4&#8243;][vc_column_text]<\/p>\n<h2>Maya Sepulchre<\/h2>\n<p>Maya Sepulchre es originaria de B\u00e9lgica. Tuvo su primer acercamiento a la meditaci\u00f3n y al budismo en 2006, mientras trabajaba para una ONG en Katmand\u00fa. Estudi\u00f3 con maestros como S.S. el Dalai Lama, S.S. Karmapa, S.E. Tai Situ Rinpoche y Thrangu Rinpoche, entre otros maestros. Es alumna de Mingyur Rinpoche desde 2007 y ha realizado las pr\u00e1cticas de La Alegr\u00eda de Vivir y El Sendero a la Liberaci\u00f3n.<\/p>\n<p>En 2009 Maya e Isboset comienzan a dirigir la comunidad Tergar M\u00e9xico, con sede en la ciudad de Puebla.<\/p>\n<p>Maya estudi\u00f3 fotograf\u00eda, pedagog\u00eda, desarrollo internacional, gesti\u00f3n de proyectos y, recientemente, la metodolog\u00eda Scrum. Es facilitadora de Tergar, y debido a su fluidez en tres idiomas ha realizado trabajos de traducci\u00f3n para la comunidad hispano hablante. Actualmente trabaja para Tergar Internacional en el equipo de desarrollo de programas.[\/vc_column_text][\/vc_column][\/vc_row][vc_row content_placement=\u00bbmiddle\u00bb u_row_style=\u00bb1&#8243; lms_row_has_bk_offset=\u00bb1&#8243; lms_row_bk_offset_side=\u00bbright\u00bb lms_row_bk_columns_offset=\u00bb2&#8243; u_row_enrollment_restriction=\u00bb0&#8243; lms_row_bk_offset_image=\u00bb2513&#8243; css=\u00bb.vc_custom_1643732086290{padding-top: 30px !important;padding-bottom: 30px !important;}\u00bb lms_row_bk_offset_margin_bottom=\u00bb5%\u00bb el_class=\u00bbaling-top-photo-instuctor\u00bb el_id=\u00bbset\u00bb][vc_column width=\u00bb1\/4&#8243; lms_has_clearfix=\u00bb0&#8243; el_class=\u00bbcol-sm-push-9&#8243;][vc_single_image image=\u00bb784&#8243; img_size=\u00bbfull\u00bb][\/vc_column][vc_column width=\u00bb3\/4&#8243; lms_has_clearfix=\u00bb0&#8243; el_class=\u00bbcol-sm-pull-3&#8243;][vc_column_text]<\/p>\n<h2>Isboset Amador<\/h2>\n<p>Isboset ha practicado meditaci\u00f3n desde 2004, estudiando con S.S. el Dalai Lama, S.S. Karmapa, S.E. Tai Situ Rinpoche, Thrangu Rinpoche, Khenpo Karthar Rinpoche y otros maestros del linaje. Es alumno de Mingyur Rinpoche desde 2006 y ha realizando las pr\u00e1cticas de La Alegr\u00eda de Vivir y El Sendero a la Liberaci\u00f3n.<\/p>\n<p>En 2009 Isboset y Maya comienzan a dirigir la comunidad Tergar M\u00e9xico, con sede en la ciudad de Puebla.<\/p>\n<p>Isboset es ingeniero en electr\u00f3nica con dos maestr\u00edas: en negocios y en gerencia en proyectos de construcci\u00f3n. Es facilitador y miembro del consejo directivo de Tergar Internacional, donde tambi\u00e9n trabaja como director del departamento de <span style=\"font-weight: 400\">Innovaci\u00f3n y Desarrollo<\/span>.[\/vc_column_text][\/vc_column][\/vc_row]<\/p>\n","protected":false},"excerpt":{"rendered":"<p>[vc_row u_row_style=\u00bb1&#8243; lms_row_has_bk_offset=\u00bb1&#8243; lms_row_bk_columns_offset=\u00bb0&#8243; u_row_enrollment_restriction=\u00bb0&#8243; lms_row_bk_offset_margin_bottom=\u00bb3%\u00bb][vc_column][vc_column_text el_id=\u00bbmaya\u00bb] Gu\u00edas Tergar [\/vc_column_text][\/vc_column][\/vc_row][vc_row disable_element=\u00bbyes\u00bb u_row_style=\u00bb1&#8243; lms_row_has_bk_offset=\u00bb1&#8243; lms_row_bk_columns_offset=\u00bb0&#8243; u_row_enrollment_restriction=\u00bb0&#8243; lms_row_bk_offset_margin_bottom=\u00bb3%\u00bb][vc_column lms_has_clearfix=\u00bb0&#8243; offset=\u00bbvc_col-lg-offset-2 vc_col-lg-8 vc_col-md-offset-2 vc_col-md-8&#8243;][vc_column_text [&hellip;]<\/p>\n","protected":false},"author":2,"featured_media":0,"parent":252,"menu_order":0,"comment_status":"closed","ping_status":"closed","template":"defaulttemplate.php","meta":{"footnotes":""},"class_list":["post-740","page","type-page","status-publish","hentry"],"acf":[],"_links":{"self":[{"href":"https:\/\/aprende.tergar.org\/es\/wp-json\/wp\/v2\/pages\/740","targetHints":{"allow":["GET"]}}],"collection":[{"href":"https:\/\/aprende.tergar.org\/es\/wp-json\/wp\/v2\/pages"}],"about":[{"href":"https:\/\/aprende.tergar.org\/es\/wp-json\/wp\/v2\/types\/page"}],"author":[{"embeddable":true,"href":"https:\/\/aprende.tergar.org\/es\/wp-json\/wp\/v2\/users\/2"}],"replies":[{"embeddable":true,"href":"https:\/\/aprende.tergar.org\/es\/wp-json\/wp\/v2\/comments?post=740"}],"version-history":[{"count":15,"href":"https:\/\/aprende.tergar.org\/es\/wp-json\/wp\/v2\/pages\/740\/revisions"}],"predecessor-version":[{"id":2528,"href":"https:\/\/aprende.tergar.org\/es\/wp-json\/wp\/v2\/pages\/740\/revisions\/2528"}],"up":[{"embeddable":true,"href":"https:\/\/aprende.tergar.org\/es\/wp-json\/wp\/v2\/pages\/252"}],"wp:attachment":[{"href":"https:\/\/aprende.tergar.org\/es\/wp-json\/wp\/v2\/media?parent=740"}],"curies":[{"name":"wp","href":"https:\/\/api.w.org\/{rel}","templated":true}]}}