{"id":231,"date":"2018-10-29T13:54:43","date_gmt":"2018-10-29T19:54:43","guid":{"rendered":"https:\/\/test.beta.tergar.org\/?page_id=231"},"modified":"2025-03-28T18:05:57","modified_gmt":"2025-03-28T18:05:57","slug":"donaciones","status":"publish","type":"page","link":"https:\/\/aprende.tergar.org\/es\/donaciones\/","title":{"rendered":"Donaciones"},"content":{"rendered":"<p>[vc_row u_row_style=\u00bb1&#8243; lms_row_has_bk_offset=\u00bb1&#8243; lms_row_bk_columns_offset=\u00bb0&#8243; u_row_enrollment_restriction=\u00bb0&#8243; lms_row_bk_offset_margin_bottom=\u00bb2%\u00bb][vc_column][vc_column_text css=\u00bb.vc_custom_1584314037061{margin-bottom: 30px !important;}\u00bb]<\/p>\n<h2 style=\"text-align: center;\">Donaciones<\/h2>\n<p>[\/vc_column_text][vc_single_image image=\u00bb834&#8243; img_size=\u00bbfull\u00bb el_class=\u00bbhidden-xs\u00bb][vc_single_image image=\u00bb835&#8243; img_size=\u00bbfull\u00bb alignment=\u00bbcenter\u00bb el_class=\u00bbvisible-xs\u00bb][\/vc_column][\/vc_row][vc_row u_row_style=\u00bb1&#8243; lms_row_has_bk_offset=\u00bb1&#8243; lms_row_bk_columns_offset=\u00bb0&#8243; u_row_enrollment_restriction=\u00bb0&#8243; lms_row_bk_offset_margin_bottom=\u00bb4%\u00bb][vc_column width=\u00bb5\/6&#8243; lms_has_clearfix=\u00bb0&#8243; offset=\u00bbvc_col-lg-offset-2 vc_col-lg-8 vc_col-md-offset-2 vc_col-md-8 vc_col-sm-offset-1&#8243;][vc_column_text]<\/p>\n<h3>LA GENEROSIDAD ABRE NUESTROS CORAZONES Y MENTES<\/h3>\n<p>Cada uno de nosotros descubrimos la meditaci\u00f3n gracias a la generosidad de otros. Sin la dedicaci\u00f3n y el apoyo econ\u00f3mico de aquellos que se han sentido inspirados a compartir las ense\u00f1anzas de Mingyur Rinpoche, ninguno de nosotros tendr\u00eda la oportunidad de participar en estos programas que transforman nuestras vidas, ni tampoco podr\u00edamos disfrutar de los beneficios de una comunidad de meditadores con pensamientos afines.<\/p>\n<p>Por favor ay\u00fadanos a hacer accesibles las ense\u00f1anzas de Rinpoche para los dem\u00e1s, puedes contribuir econ\u00f3micamente. Incluso diez d\u00f3lares al mes hacen una gran diferencia, pues se habr\u00e1n sumado a toda la red de apoyo que recibimos de todo el mundo para que muchos puedan beneficiarse.<\/p>\n<p>Cerca de una cuarta parte del presupuesto anual de Tergar proviene de donadores como t\u00fa. Tu donaci\u00f3n se usa para invertir en tecnolog\u00eda que hace m\u00e1s accesibles las ense\u00f1anzas de meditaci\u00f3n, al soporte y sost\u00e9n de la comunidad y al desarrollo de programas; provee apoyo econ\u00f3mico para los retiros y dem\u00e1s recursos de la comunidad de meditaci\u00f3n Tergar.[\/vc_column_text][\/vc_column][\/vc_row][vc_row content_placement=\u00bbmiddle\u00bb u_row_style=\u00bb1&#8243; lms_row_has_bk_offset=\u00bb1&#8243; lms_row_bk_offset_side=\u00bbright\u00bb lms_row_bk_columns_offset=\u00bb4&#8243; u_row_enrollment_restriction=\u00bb0&#8243; lms_row_bk_offset_margin_bottom=\u00bb7%\u00bb lms_row_bk_offset_image=\u00bb2513&#8243;][vc_column width=\u00bb1\/2&#8243; lms_has_clearfix=\u00bb0&#8243; css=\u00bb.vc_custom_1554321513355{padding-top: 50px !important;padding-right: 30px !important;padding-bottom: 50px !important;padding-left: 30px !important;}\u00bb][vc_column_text]Puedes donar en l\u00ednea usando una tarjeta de cr\u00e9dito o d\u00e9bito pulsando el bot\u00f3n que est\u00e1 debajo.<\/p>\n<div class=\"wp-block-button\" style=\"margin-bottom: 20px;\"><a class=\"wp-block-button__link btn-blue\" href=\"https:\/\/tergar.org\/donate\" target=\"_blank\" rel=\"noopener noreferrer\">Donar<\/a><\/div>\n<p>Si tienes preguntas o quieres saber m\u00e1s de otras formas con las que puedes apoyar, por favor ponte en contacto (en ingl\u00e9s) con Edwin Kelley, el Director Co-Ejecutivo de Tergar Internacional en <a href=\"mailto:edwin@tergar.org\" target=\"_blank\" rel=\"noreferrer noopener\">edwin@tergar.org<\/a>.[\/vc_column_text][\/vc_column][vc_column width=\u00bb1\/2&#8243;][vc_single_image image=\u00bb836&#8243; img_size=\u00bbfull\u00bb][\/vc_column][\/vc_row]<\/p>\n","protected":false},"excerpt":{"rendered":"<p>[vc_row u_row_style=\u00bb1&#8243; lms_row_has_bk_offset=\u00bb1&#8243; lms_row_bk_columns_offset=\u00bb0&#8243; u_row_enrollment_restriction=\u00bb0&#8243; lms_row_bk_offset_margin_bottom=\u00bb2%\u00bb][vc_column][vc_column_text css=\u00bb.vc_custom_1584314037061{margin-bottom: 30px !important;}\u00bb] Donaciones [\/vc_column_text][vc_single_image image=\u00bb834&#8243; img_size=\u00bbfull\u00bb el_class=\u00bbhidden-xs\u00bb][vc_single_image image=\u00bb835&#8243; img_size=\u00bbfull\u00bb alignment=\u00bbcenter\u00bb el_class=\u00bbvisible-xs\u00bb][\/vc_column][\/vc_row][vc_row u_row_style=\u00bb1&#8243; lms_row_has_bk_offset=\u00bb1&#8243; lms_row_bk_columns_offset=\u00bb0&#8243; [&hellip;]<\/p>\n","protected":false},"author":2,"featured_media":0,"parent":0,"menu_order":0,"comment_status":"closed","ping_status":"closed","template":"defaulttemplate.php","meta":{"footnotes":""},"class_list":["post-231","page","type-page","status-publish","hentry"],"acf":[],"_links":{"self":[{"href":"https:\/\/aprende.tergar.org\/es\/wp-json\/wp\/v2\/pages\/231","targetHints":{"allow":["GET"]}}],"collection":[{"href":"https:\/\/aprende.tergar.org\/es\/wp-json\/wp\/v2\/pages"}],"about":[{"href":"https:\/\/aprende.tergar.org\/es\/wp-json\/wp\/v2\/types\/page"}],"author":[{"embeddable":true,"href":"https:\/\/aprende.tergar.org\/es\/wp-json\/wp\/v2\/users\/2"}],"replies":[{"embeddable":true,"href":"https:\/\/aprende.tergar.org\/es\/wp-json\/wp\/v2\/comments?post=231"}],"version-history":[{"count":7,"href":"https:\/\/aprende.tergar.org\/es\/wp-json\/wp\/v2\/pages\/231\/revisions"}],"predecessor-version":[{"id":3131,"href":"https:\/\/aprende.tergar.org\/es\/wp-json\/wp\/v2\/pages\/231\/revisions\/3131"}],"wp:attachment":[{"href":"https:\/\/aprende.tergar.org\/es\/wp-json\/wp\/v2\/media?parent=231"}],"curies":[{"name":"wp","href":"https:\/\/api.w.org\/{rel}","templated":true}]}}