{"id":222,"date":"2018-10-29T13:42:11","date_gmt":"2018-10-29T13:42:11","guid":{"rendered":"https:\/\/test.beta.tergar.org\/?page_id=222"},"modified":"2023-03-10T19:17:42","modified_gmt":"2023-03-10T19:17:42","slug":"mingyur-rinpoche","status":"publish","type":"page","link":"https:\/\/aprende.tergar.org\/es\/acerca\/mingyur-rinpoche\/","title":{"rendered":"Mingyur Rinpoche"},"content":{"rendered":"<p>[vc_row u_row_style=\u00bb1&#8243; lms_row_has_bk_offset=\u00bb1&#8243; lms_row_bk_columns_offset=\u00bb0&#8243; u_row_enrollment_restriction=\u00bb0&#8243;][vc_column][vc_column_text css=\u00bb.vc_custom_1581788887639{margin-bottom: 30px !important;}\u00bb]<\/p>\n<h2 style=\"text-align: center\">Biograf\u00eda de Yongey Mingyur Rinpoche<\/h2>\n<p>[\/vc_column_text][vc_single_image image=\u00bb1876&#8243; img_size=\u00bbfull\u00bb css=\u00bb.vc_custom_1625692810983{margin-bottom: 25px !important;}\u00bb el_class=\u00bbhidden-xs\u00bb][vc_single_image image=\u00bb787&#8243; img_size=\u00bbfull\u00bb alignment=\u00bbcenter\u00bb css=\u00bb.vc_custom_1643732402260{margin-bottom: 25px !important;}\u00bb el_class=\u00bbvisible-xs\u00bb][\/vc_column][vc_column width=\u00bb5\/6&#8243; lms_has_clearfix=\u00bb1&#8243; offset=\u00bbvc_col-lg-offset-2 vc_col-lg-8 vc_col-md-offset-2 vc_col-md-8 vc_col-sm-offset-1&#8243; css=\u00bb.vc_custom_1554319594088{margin-top: 40px !important;margin-bottom: 40px !important;}\u00bb][vc_column_text css=\u00bb.vc_custom_1590597101862{margin-bottom: 25px !important;}\u00bb]<strong>Yongey Mingyur Rinpoche<\/strong> posee una habilidad poco com\u00fan para presentar la antigua sabidur\u00eda del T\u00edbet de una forma fresca y atractiva. Sus profundas ense\u00f1anzas y su alegre sentido del humor se han ganado el cari\u00f1o de sus estudiantes alrededor del mundo. De una manera \u00fanica, las ense\u00f1anzas de Rinpoche entretejen sus propias experiencias personales con los resultados de la investigaci\u00f3n cient\u00edfica contempor\u00e1nea, relacionando ambas con la pr\u00e1ctica de la meditaci\u00f3n.[\/vc_column_text][\/vc_column][\/vc_row][vc_row content_placement=\u00bbmiddle\u00bb u_row_style=\u00bb1&#8243; lms_row_has_bk_offset=\u00bb1&#8243; lms_row_bk_columns_offset=\u00bb4&#8243; u_row_enrollment_restriction=\u00bb0&#8243; lms_row_bk_offset_margin_bottom=\u00bb4%\u00bb lms_row_bk_offset_image=\u00bb2513&#8243;][vc_column width=\u00bb1\/2&#8243;][vc_single_image image=\u00bb1874&#8243; img_size=\u00bbfull\u00bb][\/vc_column][vc_column width=\u00bb1\/2&#8243; lms_has_clearfix=\u00bb0&#8243; css=\u00bb.vc_custom_1556211758898{padding-top: 50px !important;padding-right: 18px !important;padding-bottom: 50px !important;padding-left: 18px !important;background-color: #f7f7f7 !important;}\u00bb][vc_column_text]<\/p>\n<h3>PRIMEROS A\u00d1OS<\/h3>\n<p>Nacido en 1975 \u2013en un peque\u00f1o pueblo del Himalaya, cerca de la frontera de Nepal y el T\u00edbet\u2013, Yongey Mingyur Rinpoche es un muy querido y consumado maestro de meditaci\u00f3n. Desde una edad temprana, Rinpoche se sinti\u00f3 atra\u00eddo por una vida contemplativa y pas\u00f3 muchos a\u00f1os de su infancia en retiro estricto. A la edad de diecisiete a\u00f1os fue invitado a ser maestro en el centro de retiros de tres a\u00f1os en su monasterio; un cargo que raramente se le asigna a un lama tan joven. Tambi\u00e9n complet\u00f3 el entrenamiento tradicional budista en filosof\u00eda y psicolog\u00eda antes de fundar la universidad mon\u00e1stica en su monasterio de base, ubicado al norte de la India.[\/vc_column_text][\/vc_column][\/vc_row][vc_row u_row_style=\u00bb1&#8243; lms_row_has_bk_offset=\u00bb1&#8243; lms_row_bk_columns_offset=\u00bb0&#8243; u_row_enrollment_restriction=\u00bb0&#8243; lms_row_bk_offset_margin_bottom=\u00bb3%\u00bb][vc_column width=\u00bb5\/6&#8243; lms_has_clearfix=\u00bb0&#8243; offset=\u00bbvc_col-lg-offset-2 vc_col-lg-8 vc_col-md-offset-2 vc_col-md-8 vc_col-sm-offset-1&#8243;][vc_column_text]Adem\u00e1s de su amplia experiencia en la meditaci\u00f3n y filosof\u00eda budista tibetana, a lo largo de su vida, Mingyur Rinpoche ha tenido un gran inter\u00e9s en la ciencia y la psicolog\u00eda occidental. A una edad temprana, se involucr\u00f3 en una serie de di\u00e1logos informales con el famoso neurocient\u00edfico Francisco Varela, quien lleg\u00f3 a Nepal para aprender meditaci\u00f3n con su padre Tulku Urgyen Rinpoche. Muchos a\u00f1os despu\u00e9s, en 2002, Mingyur Rinpoche y un grupo de meditadores experimentados fueron invitados al <span style=\"font-weight: 400\">Laboratorio Waisman de Imagen Cerebral y Comportamiento<\/span> de la Universidad de Wisconsin, donde Richard Davidson, Antoine Lutz y otros cient\u00edficos examinaron los efectos de la meditaci\u00f3n en el cerebro de estos meditadores avanzados. Los resultados de esta revolucionaria investigaci\u00f3n fueron divulgados en muchas de las publicaciones m\u00e1s le\u00eddas del mundo, incluyendo <i>National Geographic <\/i>y<i> Time<\/i>.<\/p>\n<p><b>\u00a0<\/b>[\/vc_column_text][\/vc_column][\/vc_row][vc_row content_placement=\u00bbmiddle\u00bb u_row_style=\u00bb1&#8243; lms_row_has_bk_offset=\u00bb1&#8243; lms_row_bk_offset_side=\u00bbright\u00bb lms_row_bk_columns_offset=\u00bb4&#8243; u_row_enrollment_restriction=\u00bb0&#8243; lms_row_bk_offset_image=\u00bb2513&#8243; lms_row_bk_offset_margin_bottom=\u00bb4%\u00bb][vc_column width=\u00bb1\/2&#8243; lms_has_clearfix=\u00bb0&#8243; css=\u00bb.vc_custom_1590428157132{padding-top: 6% !important;padding-right: 18px !important;padding-bottom: 50px !important;padding-left: 18px !important;}\u00bb][vc_column_text]<\/p>\n<h3>LEGADO<\/h3>\n<p>Mingyur Rinpoche ense\u00f1a alrededor del mundo, y cuenta con centros en los cinco continentes. La manera c\u00e1lida y a menudo humorista de relatar sus dificultades personales, le han valido el cari\u00f1o de miles de estudiantes alrededor del mundo. Su libro m\u00e1s vendido, <i>La alegr\u00eda de vivir: El secreto y la ciencia de la felicidad,<\/i> apareci\u00f3 en la lista de <i>bestsellers<\/i> del <i>New York Times<\/i> y ha sido traducido a m\u00e1s de veinte idiomas. Los libros m\u00e1s recientes de Rinpoche son: <em>Enamorado del mundo. El viaje de un monje a trav\u00e9s de los bardos de la vida y de la muerte<\/em>; <i>Transformar la confusi\u00f3n en claridad. Una gu\u00eda de las pr\u00e1cticas fundacionales del budismo tibetano<\/i>, <i>La dicha de la sabidur\u00eda. Abrazar el cambio y encontrar la libertad <\/i>y dos libros para ni\u00f1os ilustrados: <i>Ziji. The Puppy that Learned to Meditate; <\/i>y<i> Ziji and the Very Scary Man.<\/i>[\/vc_column_text][\/vc_column][vc_column width=\u00bb1\/2&#8243;][vc_single_image image=\u00bb789&#8243; img_size=\u00bbfull\u00bb][\/vc_column][\/vc_row][vc_row u_row_style=\u00bb1&#8243; lms_row_has_bk_offset=\u00bb1&#8243; lms_row_bk_columns_offset=\u00bb0&#8243; u_row_enrollment_restriction=\u00bb0&#8243; lms_row_bk_offset_margin_bottom=\u00bb4%\u00bb][vc_column width=\u00bb5\/6&#8243; lms_has_clearfix=\u00bb0&#8243; offset=\u00bbvc_col-lg-offset-2 vc_col-lg-8 vc_col-md-offset-2 vc_col-md-8 vc_col-sm-offset-1&#8243;][vc_column_text]A principios de junio de 2011, Mingyur Rinpoche dej\u00f3 su monasterio en Bodhgaya, la India, y comenz\u00f3 un \u00abretiro errante\u00bb en los Himalayas y en las planicies de la India que dur\u00f3 cuatro a\u00f1os y medio. Cuando no est\u00e1 en los monasterios bajo su cargo en la India y Nepal, Rinpoche dedica su tiempo cada a\u00f1o a viajar y ense\u00f1ar alrededor del mundo.[\/vc_column_text][\/vc_column][\/vc_row][vc_row u_row_style=\u00bb1&#8243; lms_row_has_bk_offset=\u00bb1&#8243; lms_row_bk_columns_offset=\u00bb0&#8243; u_row_enrollment_restriction=\u00bb0&#8243; lms_row_bk_offset_margin_bottom=\u00bb4%\u00bb][vc_column][vc_btn title=\u00bbBiograf\u00eda Detallada De Yongey Mingyur Rinpoche\u00bb style=\u00bbcustom\u00bb custom_background=\u00bb#477ca0&#8243; custom_text=\u00bb#ffffff\u00bb align=\u00bbright\u00bb link=\u00bburl:https%3A%2F%2Fs3-eu-central-1.amazonaws.com%2Ftergarlmsmlbucket%2Fwp-content%2Fuploads%2Fsites%2F2%2F2020%2F03%2F15202335%2FBiografi%25CC%2581a-detallada-de-Mingyur-Rinpoche.pdf||target:%20_blank|\u00bb][\/vc_column][\/vc_row]<\/p>\n","protected":false},"excerpt":{"rendered":"<p>[vc_row u_row_style=\u00bb1&#8243; lms_row_has_bk_offset=\u00bb1&#8243; lms_row_bk_columns_offset=\u00bb0&#8243; u_row_enrollment_restriction=\u00bb0&#8243;][vc_column][vc_column_text css=\u00bb.vc_custom_1581788887639{margin-bottom: 30px !important;}\u00bb] Biograf\u00eda de Yongey Mingyur Rinpoche [\/vc_column_text][vc_single_image image=\u00bb1876&#8243; img_size=\u00bbfull\u00bb css=\u00bb.vc_custom_1625692810983{margin-bottom: 25px !important;}\u00bb el_class=\u00bbhidden-xs\u00bb][vc_single_image image=\u00bb787&#8243; [&hellip;]<\/p>\n","protected":false},"author":2,"featured_media":0,"parent":252,"menu_order":0,"comment_status":"closed","ping_status":"closed","template":"defaulttemplate.php","meta":{"footnotes":""},"class_list":["post-222","page","type-page","status-publish","hentry"],"acf":[],"_links":{"self":[{"href":"https:\/\/aprende.tergar.org\/es\/wp-json\/wp\/v2\/pages\/222","targetHints":{"allow":["GET"]}}],"collection":[{"href":"https:\/\/aprende.tergar.org\/es\/wp-json\/wp\/v2\/pages"}],"about":[{"href":"https:\/\/aprende.tergar.org\/es\/wp-json\/wp\/v2\/types\/page"}],"author":[{"embeddable":true,"href":"https:\/\/aprende.tergar.org\/es\/wp-json\/wp\/v2\/users\/2"}],"replies":[{"embeddable":true,"href":"https:\/\/aprende.tergar.org\/es\/wp-json\/wp\/v2\/comments?post=222"}],"version-history":[{"count":16,"href":"https:\/\/aprende.tergar.org\/es\/wp-json\/wp\/v2\/pages\/222\/revisions"}],"predecessor-version":[{"id":2532,"href":"https:\/\/aprende.tergar.org\/es\/wp-json\/wp\/v2\/pages\/222\/revisions\/2532"}],"up":[{"embeddable":true,"href":"https:\/\/aprende.tergar.org\/es\/wp-json\/wp\/v2\/pages\/252"}],"wp:attachment":[{"href":"https:\/\/aprende.tergar.org\/es\/wp-json\/wp\/v2\/media?parent=222"}],"curies":[{"name":"wp","href":"https:\/\/api.w.org\/{rel}","templated":true}]}}